{"id":831,"date":"2000-05-13T00:00:00","date_gmt":"2000-05-13T00:00:00","guid":{"rendered":"https:\/\/miners.rocks\/product\/191\/"},"modified":"2020-05-19T16:56:14","modified_gmt":"2020-05-19T16:56:14","slug":"germanium-dans-les-scories-de-zinc-bbu-gailitz","status":"publish","type":"product","link":"https:\/\/westgem.shop\/fr\/produit\/germanium-dans-les-scories-de-zinc-bbu-gailitz\/","title":{"rendered":"GERMANIUM - en ZINKSCHLACKE - BBU\/GAILITZ"},"content":{"rendered":"<p>GERMANIUM - OZ 32 issu de la fonte des SULFIDES DE ZINC GERMANIQUES de la fonderie de zinc de l'Union mini\u00e8re de Bleiberg \u00e0 Gailitz\/Arnoldstein.<\/p>\n<p>Le GERMANIUM est un DEMI-CONTINU avec le symbole Ge et le num\u00e9ro atomique 32 dans le tableau p\u00e9riodique.<\/p>\n<p>Pi\u00e8ce tr\u00e8s rare \u00e0 acqu\u00e9rir - nous aussi, nous n'avons qu'UNE SEULE, malheureusement.<\/p>\n<p>Poids : 96 g Dimensions : 5 x 4 x 2 cm<\/p>","protected":false},"excerpt":{"rendered":"<p>GERMANIUM - OZ 32 issu de la fusion des SULFIDES DE ZINC RICHES EN GERMANIUM de la fonderie de zinc de l'Union mini\u00e8re de Bleiberg \u00e0 Gailitz\/Arnoldstein. Le GERMANIUM est un HALBLEITER avec le symbole Ge et le num\u00e9ro atomique 32 dans le tableau p\u00e9riodique. Une pi\u00e8ce tr\u00e8s rare \u00e0 acqu\u00e9rir - nous n'en avons malheureusement qu'une seule. Poids : 96 g Dimensions : 5 x 4 x 2 cm<\/p>","protected":false},"featured_media":832,"template":"","meta":{"_acf_changed":false},"region":[],"product_brand":[],"product_cat":[15],"product_tag":[],"class_list":{"0":"post-831","1":"product","2":"type-product","3":"status-publish","4":"has-post-thumbnail","6":"product_cat-mineralien","8":"first","9":"outofstock","10":"sold-individually","11":"product-type-simple"},"acf":[],"_links":{"self":[{"href":"https:\/\/westgem.shop\/fr\/wp-json\/wp\/v2\/product\/831","targetHints":{"allow":["GET"]}}],"collection":[{"href":"https:\/\/westgem.shop\/fr\/wp-json\/wp\/v2\/product"}],"about":[{"href":"https:\/\/westgem.shop\/fr\/wp-json\/wp\/v2\/types\/product"}],"wp:featuredmedia":[{"embeddable":true,"href":"https:\/\/westgem.shop\/fr\/wp-json\/wp\/v2\/media\/832"}],"wp:attachment":[{"href":"https:\/\/westgem.shop\/fr\/wp-json\/wp\/v2\/media?parent=831"}],"wp:term":[{"taxonomy":"region","embeddable":true,"href":"https:\/\/westgem.shop\/fr\/wp-json\/wp\/v2\/region?post=831"},{"taxonomy":"product_brand","embeddable":true,"href":"https:\/\/westgem.shop\/fr\/wp-json\/wp\/v2\/product_brand?post=831"},{"taxonomy":"product_cat","embeddable":true,"href":"https:\/\/westgem.shop\/fr\/wp-json\/wp\/v2\/product_cat?post=831"},{"taxonomy":"product_tag","embeddable":true,"href":"https:\/\/westgem.shop\/fr\/wp-json\/wp\/v2\/product_tag?post=831"}],"curies":[{"name":"wp","href":"https:\/\/api.w.org\/{rel}","templated":true}]}}