{"id":835,"date":"2000-05-14T00:00:00","date_gmt":"2000-05-14T00:00:00","guid":{"rendered":"https:\/\/miners.rocks\/product\/192\/"},"modified":"2020-05-19T16:56:14","modified_gmt":"2020-05-19T16:56:14","slug":"jade-veritable-poli-aa","status":"publish","type":"product","link":"https:\/\/westgem.shop\/fr\/produit\/jade-veritable-poli-aa\/","title":{"rendered":"V\u00e9ritable JADE - Poli AA"},"content":{"rendered":"<p>Qualit\u00e9 de pierre de premi\u00e8re classe AA taill\u00e9e et polie \u00e0 Idar Oberstein !<\/p>\n<p>V\u00e9ritable jade - vari\u00e9t\u00e9 : NEPHRIT ( les taches sombres dans la pierre sont typiques)<\/p>\n<p>Le VRAI JADE ne comprend que les min\u00e9raux NEPHRITE et JADEITE. La plupart des mat\u00e9riaux de d\u00e9coration propos\u00e9s pour les colliers, les pendentifs et les pierres de tambour ne sont que du SERPENTIN bon march\u00e9 sous les noms commerciaux \"China Jade ou New Jade\".<\/p>\n<p>La mati\u00e8re premi\u00e8re se trouve en Colombie-Britannique, au CANADA.<\/p>\n<p>Poids : 19,5 g Dimensions : 3 x 2,3 x 1,5 cm<\/p>","protected":false},"excerpt":{"rendered":"<p>Qualit\u00e9 de pierre de premi\u00e8re classe AA taill\u00e9e et polie \u00e0 Idar Oberstein ! Le VRAI JADE - vari\u00e9t\u00e9 : NEPHRITE (les taches sombres dans la pierre sont typiques) Le VRAI JADE ne comprend que les min\u00e9raux NEPHRITE et JADEITE. La plupart des mat\u00e9riaux de d\u00e9coration propos\u00e9s pour les colliers, les pendentifs et les pierres de tambour ne sont que du SERPENTIN bon march\u00e9 sous les noms commerciaux de \"jade [...].<\/p>","protected":false},"featured_media":836,"template":"","meta":{"_acf_changed":false},"region":[],"product_brand":[],"product_cat":[15],"product_tag":[],"class_list":{"0":"post-835","1":"product","2":"type-product","3":"status-publish","4":"has-post-thumbnail","6":"product_cat-mineralien","8":"first","9":"outofstock","10":"sold-individually","11":"product-type-simple"},"acf":[],"_links":{"self":[{"href":"https:\/\/westgem.shop\/fr\/wp-json\/wp\/v2\/product\/835","targetHints":{"allow":["GET"]}}],"collection":[{"href":"https:\/\/westgem.shop\/fr\/wp-json\/wp\/v2\/product"}],"about":[{"href":"https:\/\/westgem.shop\/fr\/wp-json\/wp\/v2\/types\/product"}],"wp:featuredmedia":[{"embeddable":true,"href":"https:\/\/westgem.shop\/fr\/wp-json\/wp\/v2\/media\/836"}],"wp:attachment":[{"href":"https:\/\/westgem.shop\/fr\/wp-json\/wp\/v2\/media?parent=835"}],"wp:term":[{"taxonomy":"region","embeddable":true,"href":"https:\/\/westgem.shop\/fr\/wp-json\/wp\/v2\/region?post=835"},{"taxonomy":"product_brand","embeddable":true,"href":"https:\/\/westgem.shop\/fr\/wp-json\/wp\/v2\/product_brand?post=835"},{"taxonomy":"product_cat","embeddable":true,"href":"https:\/\/westgem.shop\/fr\/wp-json\/wp\/v2\/product_cat?post=835"},{"taxonomy":"product_tag","embeddable":true,"href":"https:\/\/westgem.shop\/fr\/wp-json\/wp\/v2\/product_tag?post=835"}],"curies":[{"name":"wp","href":"https:\/\/api.w.org\/{rel}","templated":true}]}}