{"id":839,"date":"2000-05-15T00:00:00","date_gmt":"2000-05-15T00:00:00","guid":{"rendered":"https:\/\/miners.rocks\/product\/193\/"},"modified":"2020-05-19T16:56:15","modified_gmt":"2020-05-19T16:56:15","slug":"sugilith-aaa","status":"publish","type":"product","link":"https:\/\/westgem.shop\/fr\/produit\/sugilith-aaa\/","title":{"rendered":"SUGILITH AA(A)"},"content":{"rendered":"<p>La SUGILITH est un min\u00e9ral silicat\u00e9 relativement dur avec des proportions variables de mangan\u00e8se, de lithium, d'aluminium et de fer. Elle est consid\u00e9r\u00e9e comme une \"pierre de gu\u00e9rison\" exceptionnelle, en particulier dans l'\"Esoterk\", et diff\u00e9rentes histoires sont r\u00e9guli\u00e8rement diffus\u00e9es. Par exemple, il n'y a plus de SUGILITH, la mine est sous l'eau .... etc. Tout cela n'a aucun sens. La mine de Wessels est une \u00e9norme exploitation \u00e0 ciel ouvert sur MANGANERZ \u00e0 Kuruman Mangan Fields en Afrique du Sud. Dans les zones d'esturgeon et d'oxydation du corps du mangan\u00e8se, on trouve r\u00e9guli\u00e8rement d'autres min\u00e9raux, comme la RHODOCHROSITE , la RHODONITE ... et aussi SUGILITH. Le minerai de mangan\u00e8se est bien plus important et les SUGILITHE ne sont extraits qu'accessoirement, dans les zones de la mine o\u00f9 l'on n'exploite pas, pratiquement pendant les loisirs.<\/p>\n<p>SUGILITH a \u00e9t\u00e9 d\u00e9couverte pour la premi\u00e8re fois par le Japonais Dr. SUGI en 1944 au Fujijama, c'est en son honneur que le min\u00e9ral a \u00e9t\u00e9 nomm\u00e9. D'ailleurs : il existe aussi des SUGILITHE compl\u00e8tement BLEUES, mais la couleur dominante est le mangenta - violet. Les pierres grossi\u00e8res, m\u00eame avec beaucoup de mangan\u00e8se noir, sont moins ch\u00e8res - les qualit\u00e9s transparentes avec une bonne couleur sont malheureusement relativement ch\u00e8res. Les parties brunes sont de la FERROBUSTAMITE, un min\u00e9ral rare que l'on ne trouve pratiquement que dans la mine de Wessels.<\/p>\n<p>Poids : 36,5 g Dimensions : 4,5 x 3,5 x 2 cm <\/p>","protected":false},"excerpt":{"rendered":"<p>La SUGILITH est un min\u00e9ral silicat\u00e9 relativement dur avec des proportions variables de mangan\u00e8se, de lithium, d'aluminium et de fer. Elle est consid\u00e9r\u00e9e comme une \"pierre de gu\u00e9rison\" exceptionnelle, en particulier dans l'\"Esoterk\", et diff\u00e9rentes histoires sont r\u00e9guli\u00e8rement diffus\u00e9es. Par exemple, il n'y a plus de SUGILITH, la mine est sous l'eau .... etc. Tout cela n'a aucun sens. La mine de Wessels est une immense mine \u00e0 ciel ouvert sur MANGANERZ [...].<\/p>","protected":false},"featured_media":840,"template":"","meta":{"_acf_changed":false},"region":[],"product_brand":[],"product_cat":[15],"product_tag":[],"class_list":{"0":"post-839","1":"product","2":"type-product","3":"status-publish","4":"has-post-thumbnail","6":"product_cat-mineralien","8":"first","9":"outofstock","10":"sold-individually","11":"product-type-simple"},"acf":[],"_links":{"self":[{"href":"https:\/\/westgem.shop\/fr\/wp-json\/wp\/v2\/product\/839","targetHints":{"allow":["GET"]}}],"collection":[{"href":"https:\/\/westgem.shop\/fr\/wp-json\/wp\/v2\/product"}],"about":[{"href":"https:\/\/westgem.shop\/fr\/wp-json\/wp\/v2\/types\/product"}],"wp:featuredmedia":[{"embeddable":true,"href":"https:\/\/westgem.shop\/fr\/wp-json\/wp\/v2\/media\/840"}],"wp:attachment":[{"href":"https:\/\/westgem.shop\/fr\/wp-json\/wp\/v2\/media?parent=839"}],"wp:term":[{"taxonomy":"region","embeddable":true,"href":"https:\/\/westgem.shop\/fr\/wp-json\/wp\/v2\/region?post=839"},{"taxonomy":"product_brand","embeddable":true,"href":"https:\/\/westgem.shop\/fr\/wp-json\/wp\/v2\/product_brand?post=839"},{"taxonomy":"product_cat","embeddable":true,"href":"https:\/\/westgem.shop\/fr\/wp-json\/wp\/v2\/product_cat?post=839"},{"taxonomy":"product_tag","embeddable":true,"href":"https:\/\/westgem.shop\/fr\/wp-json\/wp\/v2\/product_tag?post=839"}],"curies":[{"name":"wp","href":"https:\/\/api.w.org\/{rel}","templated":true}]}}