{"id":843,"date":"2000-05-16T00:00:00","date_gmt":"2000-05-16T00:00:00","guid":{"rendered":"https:\/\/miners.rocks\/product\/194\/"},"modified":"2020-05-19T16:56:15","modified_gmt":"2020-05-19T16:56:15","slug":"ocean-jaspis-poli","status":"publish","type":"product","link":"https:\/\/westgem.shop\/fr\/produit\/ocean-jaspis-poli\/","title":{"rendered":"OCEAN - Jaspe - poli"},"content":{"rendered":"<p>Le jaspe oc\u00e9anique est le nom donn\u00e9 \u00e0 un m\u00e9lange de min\u00e9raux contenant diff\u00e9rentes proportions de jaspe CHALCEDON et de RHYOLITH . Cette vari\u00e9t\u00e9 de quartz a \u00e9t\u00e9 d\u00e9couverte dans les ann\u00e9es 90 \u00e0 Madagascar et \u00e9tait tr\u00e8s attractive, surtout \u00e0 l'\u00e9tat taill\u00e9. Ce sont surtout les pierres avec des \"yeux\" (SPH\u00c9ROLITHES) qui \u00e9taient tr\u00e8s appr\u00e9ci\u00e9es et d\u00e9clar\u00e9es au d\u00e9but comme \"AUGENACHAT\". Plus tard, le nom \"OCEANJASPIS\" s'est \u00e9tabli sur le march\u00e9.<\/p>\n<p>Aujourd'hui, ce site ne produit plus que des mat\u00e9riaux de mauvaise qualit\u00e9 et il semble que le temps des belles pierres soit r\u00e9volu.<\/p>\n<p>Belle \"caresse\" de la main avec des SPH\u00c9ROLITHES - tr\u00e8s bon polissage.<\/p>\n<p>Poids : 35 g Dimensions : 4 x 3 x 2 cm<\/p>","protected":false},"excerpt":{"rendered":"<p>Le jaspe oc\u00e9anique est le nom donn\u00e9 \u00e0 un m\u00e9lange de min\u00e9raux contenant diff\u00e9rentes proportions de jaspe CHALCEDON et de RHYOLITH . Cette vari\u00e9t\u00e9 de quartz a \u00e9t\u00e9 d\u00e9couverte dans les ann\u00e9es 90 \u00e0 Madagascar et \u00e9tait tr\u00e8s attractive, surtout \u00e0 l'\u00e9tat taill\u00e9. Ce sont surtout les pierres avec les \"yeux\" (SPH\u00c9ROLITHES) qui \u00e9taient tr\u00e8s appr\u00e9ci\u00e9es et d\u00e9clar\u00e9es au d\u00e9but comme \"AUGENACHAT\". Plus tard, [...]<\/p>","protected":false},"featured_media":844,"template":"","meta":{"_acf_changed":false},"region":[],"product_brand":[],"product_cat":[15],"product_tag":[],"class_list":{"0":"post-843","1":"product","2":"type-product","3":"status-publish","4":"has-post-thumbnail","6":"product_cat-mineralien","8":"first","9":"outofstock","10":"sold-individually","11":"product-type-simple"},"acf":[],"_links":{"self":[{"href":"https:\/\/westgem.shop\/fr\/wp-json\/wp\/v2\/product\/843","targetHints":{"allow":["GET"]}}],"collection":[{"href":"https:\/\/westgem.shop\/fr\/wp-json\/wp\/v2\/product"}],"about":[{"href":"https:\/\/westgem.shop\/fr\/wp-json\/wp\/v2\/types\/product"}],"wp:featuredmedia":[{"embeddable":true,"href":"https:\/\/westgem.shop\/fr\/wp-json\/wp\/v2\/media\/844"}],"wp:attachment":[{"href":"https:\/\/westgem.shop\/fr\/wp-json\/wp\/v2\/media?parent=843"}],"wp:term":[{"taxonomy":"region","embeddable":true,"href":"https:\/\/westgem.shop\/fr\/wp-json\/wp\/v2\/region?post=843"},{"taxonomy":"product_brand","embeddable":true,"href":"https:\/\/westgem.shop\/fr\/wp-json\/wp\/v2\/product_brand?post=843"},{"taxonomy":"product_cat","embeddable":true,"href":"https:\/\/westgem.shop\/fr\/wp-json\/wp\/v2\/product_cat?post=843"},{"taxonomy":"product_tag","embeddable":true,"href":"https:\/\/westgem.shop\/fr\/wp-json\/wp\/v2\/product_tag?post=843"}],"curies":[{"name":"wp","href":"https:\/\/api.w.org\/{rel}","templated":true}]}}