{"id":846,"date":"2000-05-17T00:00:00","date_gmt":"2000-05-17T00:00:00","guid":{"rendered":"https:\/\/miners.rocks\/product\/195\/"},"modified":"2020-05-19T16:56:16","modified_gmt":"2020-05-19T16:56:16","slug":"sugilith-aaa-2","status":"publish","type":"product","link":"https:\/\/westgem.shop\/fr\/produit\/sugilith-aaa-2\/","title":{"rendered":"SUGILITH AAA"},"content":{"rendered":"<p>Taille baroque - qualit\u00e9 SUGILITH AA(A) violet fonc\u00e9 .<\/p>\n<p>Lieu de d\u00e9couverte : Mine de Wessels - Kuruman -Afrique du Sud<\/p>\n<p>. Pour plus de d\u00e9tails sur SUGILITH, voir l'article : DS - 052 - SUGILITH AA(A)<\/p>\n<p>Cette pierre - taill\u00e9e et polie en IDAR OBERSTEIN .<\/p>\n<p>Poids : 23 g Dimensions : 4 x 2,5 x 1 cm<\/p>","protected":false},"excerpt":{"rendered":"<p>Taille baroque - qualit\u00e9 SUGILITH AA(A) violet fonc\u00e9 . Lieu de d\u00e9couverte : Mine de Wessels - Kuruman - Afrique du Sud . Pour plus de d\u00e9tails sur SUGILITH, voir l'article : DS - 052 - SUGILITH AA(A) Cette pierre a \u00e9t\u00e9 taill\u00e9e et polie en IDAR OBERSTEIN . Poids : 23 g Dimensions : 4 x 2,5 x 1 cm<\/p>","protected":false},"featured_media":847,"template":"","meta":{"_acf_changed":false},"region":[],"product_brand":[],"product_cat":[15],"product_tag":[],"class_list":{"0":"post-846","1":"product","2":"type-product","3":"status-publish","4":"has-post-thumbnail","6":"product_cat-mineralien","8":"first","9":"outofstock","10":"sold-individually","11":"product-type-simple"},"acf":[],"_links":{"self":[{"href":"https:\/\/westgem.shop\/fr\/wp-json\/wp\/v2\/product\/846","targetHints":{"allow":["GET"]}}],"collection":[{"href":"https:\/\/westgem.shop\/fr\/wp-json\/wp\/v2\/product"}],"about":[{"href":"https:\/\/westgem.shop\/fr\/wp-json\/wp\/v2\/types\/product"}],"wp:featuredmedia":[{"embeddable":true,"href":"https:\/\/westgem.shop\/fr\/wp-json\/wp\/v2\/media\/847"}],"wp:attachment":[{"href":"https:\/\/westgem.shop\/fr\/wp-json\/wp\/v2\/media?parent=846"}],"wp:term":[{"taxonomy":"region","embeddable":true,"href":"https:\/\/westgem.shop\/fr\/wp-json\/wp\/v2\/region?post=846"},{"taxonomy":"product_brand","embeddable":true,"href":"https:\/\/westgem.shop\/fr\/wp-json\/wp\/v2\/product_brand?post=846"},{"taxonomy":"product_cat","embeddable":true,"href":"https:\/\/westgem.shop\/fr\/wp-json\/wp\/v2\/product_cat?post=846"},{"taxonomy":"product_tag","embeddable":true,"href":"https:\/\/westgem.shop\/fr\/wp-json\/wp\/v2\/product_tag?post=846"}],"curies":[{"name":"wp","href":"https:\/\/api.w.org\/{rel}","templated":true}]}}