{"id":850,"date":"2000-05-18T00:00:00","date_gmt":"2000-05-18T00:00:00","guid":{"rendered":"https:\/\/miners.rocks\/product\/196\/"},"modified":"2020-05-19T16:56:16","modified_gmt":"2020-05-19T16:56:16","slug":"labradorite-forme-doeuf-polie","status":"publish","type":"product","link":"https:\/\/westgem.shop\/fr\/produit\/labradorite-forme-doeuf-polie\/","title":{"rendered":"LABRADORITE - FORME D'OEUF - POLIE"},"content":{"rendered":"<p>Cette superbe pi\u00e8ce d\u00e9corative pr\u00e9sente de magnifiques SPECIALISATIONS DE COULEURS sur toute sa surface, selon l'incidence de la lumi\u00e8re. La forme d'un gros \u0153uf est n\u00e9e du hasard de la pierre brute.<\/p>\n<p>Les LABRADORITES de plusieurs couleurs sont appel\u00e9es SPEKTROLITES .<\/p>\n<p>Cette LABRADORITE provient des gisements de Madagascar. A notre connaissance, il n'existe plus de mat\u00e9riau de la TYPLOCALIT\u00c9 - la p\u00e9ninsule de LABRADOR au CANADA.<\/p>\n<p>Poids : 410 g Dimensions : 10 x 7 x 5 cm<\/p>","protected":false},"excerpt":{"rendered":"<p>Cette superbe pi\u00e8ce d\u00e9corative pr\u00e9sente de magnifiques SPECIALISATIONS DE COULEURS sur toute sa surface, selon l'incidence de la lumi\u00e8re. La forme d'un gros \u0153uf est n\u00e9e par hasard de la pierre brute. Les LABRADORITES \u00e0 plusieurs couleurs sont appel\u00e9es SPEKTROLITES . Cette LABRADORITE provient des gisements de Madagascar. La TYPLOCALIT\u00c9 - la p\u00e9ninsule de LABRADOR au CANADA - est, autant que nous le sachions, [...].<\/p>","protected":false},"featured_media":851,"template":"","meta":{"_acf_changed":false},"region":[],"product_brand":[],"product_cat":[15],"product_tag":[],"class_list":{"0":"post-850","1":"product","2":"type-product","3":"status-publish","4":"has-post-thumbnail","6":"product_cat-mineralien","8":"first","9":"outofstock","10":"sold-individually","11":"product-type-simple"},"acf":[],"_links":{"self":[{"href":"https:\/\/westgem.shop\/fr\/wp-json\/wp\/v2\/product\/850","targetHints":{"allow":["GET"]}}],"collection":[{"href":"https:\/\/westgem.shop\/fr\/wp-json\/wp\/v2\/product"}],"about":[{"href":"https:\/\/westgem.shop\/fr\/wp-json\/wp\/v2\/types\/product"}],"wp:featuredmedia":[{"embeddable":true,"href":"https:\/\/westgem.shop\/fr\/wp-json\/wp\/v2\/media\/851"}],"wp:attachment":[{"href":"https:\/\/westgem.shop\/fr\/wp-json\/wp\/v2\/media?parent=850"}],"wp:term":[{"taxonomy":"region","embeddable":true,"href":"https:\/\/westgem.shop\/fr\/wp-json\/wp\/v2\/region?post=850"},{"taxonomy":"product_brand","embeddable":true,"href":"https:\/\/westgem.shop\/fr\/wp-json\/wp\/v2\/product_brand?post=850"},{"taxonomy":"product_cat","embeddable":true,"href":"https:\/\/westgem.shop\/fr\/wp-json\/wp\/v2\/product_cat?post=850"},{"taxonomy":"product_tag","embeddable":true,"href":"https:\/\/westgem.shop\/fr\/wp-json\/wp\/v2\/product_tag?post=850"}],"curies":[{"name":"wp","href":"https:\/\/api.w.org\/{rel}","templated":true}]}}