{"id":853,"date":"2000-05-19T00:00:00","date_gmt":"2000-05-19T00:00:00","guid":{"rendered":"https:\/\/miners.rocks\/product\/197\/"},"modified":"2020-05-19T16:56:16","modified_gmt":"2020-05-19T16:56:16","slug":"labradorite-super-deco","status":"publish","type":"product","link":"https:\/\/westgem.shop\/fr\/produit\/labradorite-super-deco\/","title":{"rendered":"LABRADORITE - SUPERBE PI\u00c8CE DE D\u00c9CORATION"},"content":{"rendered":"<p>\n\tSuperbe accroche-regard pour chaque salon ou bureau. Polie sur tout le pourtour avec des COULEURS D'INTERF\u00c9RENCE de premi\u00e8re qualit\u00e9.<\/p>\n<p>\n\tLa LABRADORITE est une vari\u00e9t\u00e9 de plagioclase - FELDSPAT. Le jeu de couleurs iris\u00e9es avec un \u00e9clat m\u00e9tallique (labradorisation) est un effet d'interf\u00e9rence et de r\u00e9flexion de la lumi\u00e8re sur les lamelles de s\u00e9gr\u00e9gation submicroscopiques dans le corps cristallin.<\/p>\n<p>\n\tLa localit\u00e9 type est la p\u00e9ninsule de LABRADOR au Canada. Nos pierres proviennent du site de BEKILY \u00e0 Madagascar.<\/p>\n<p>\n\tPoids : 2,80 kilogrammes Dimensions : 20 x 16 x 6 cm<\/p>\n<p>\n\tL'image 3 est la face arri\u00e8re.<\/p>","protected":false},"excerpt":{"rendered":"<p>Superbe accroche-regard pour chaque salon ou bureau. Polie sur tout le pourtour avec des couleurs d'interf\u00e9rence de premi\u00e8re qualit\u00e9. La LABRADORITE est une vari\u00e9t\u00e9 de plagioclase - FELDSPAT. Le jeu de couleurs iris\u00e9es avec un \u00e9clat m\u00e9tallique (labradorisation) est un effet d'interf\u00e9rence et de r\u00e9flexion de la lumi\u00e8re sur les lamelles de s\u00e9gr\u00e9gation submicroscopiques dans le corps cristallin. Le lieu type est la p\u00e9ninsule de LABRADOR au Canada. Nos pierres proviennent du site [...].<\/p>","protected":false},"featured_media":854,"template":"","meta":{"_acf_changed":false},"region":[],"product_brand":[],"product_cat":[15],"product_tag":[],"class_list":{"0":"post-853","1":"product","2":"type-product","3":"status-publish","4":"has-post-thumbnail","6":"product_cat-mineralien","8":"first","9":"outofstock","10":"sold-individually","11":"product-type-simple"},"acf":[],"_links":{"self":[{"href":"https:\/\/westgem.shop\/fr\/wp-json\/wp\/v2\/product\/853","targetHints":{"allow":["GET"]}}],"collection":[{"href":"https:\/\/westgem.shop\/fr\/wp-json\/wp\/v2\/product"}],"about":[{"href":"https:\/\/westgem.shop\/fr\/wp-json\/wp\/v2\/types\/product"}],"wp:featuredmedia":[{"embeddable":true,"href":"https:\/\/westgem.shop\/fr\/wp-json\/wp\/v2\/media\/854"}],"wp:attachment":[{"href":"https:\/\/westgem.shop\/fr\/wp-json\/wp\/v2\/media?parent=853"}],"wp:term":[{"taxonomy":"region","embeddable":true,"href":"https:\/\/westgem.shop\/fr\/wp-json\/wp\/v2\/region?post=853"},{"taxonomy":"product_brand","embeddable":true,"href":"https:\/\/westgem.shop\/fr\/wp-json\/wp\/v2\/product_brand?post=853"},{"taxonomy":"product_cat","embeddable":true,"href":"https:\/\/westgem.shop\/fr\/wp-json\/wp\/v2\/product_cat?post=853"},{"taxonomy":"product_tag","embeddable":true,"href":"https:\/\/westgem.shop\/fr\/wp-json\/wp\/v2\/product_tag?post=853"}],"curies":[{"name":"wp","href":"https:\/\/api.w.org\/{rel}","templated":true}]}}