{"id":857,"date":"2000-05-20T00:00:00","date_gmt":"2000-05-20T00:00:00","guid":{"rendered":"https:\/\/miners.rocks\/product\/198\/"},"modified":"2020-05-19T16:56:18","modified_gmt":"2020-05-19T16:56:18","slug":"calcite-jaune-xx-montagne-de-plomb","status":"publish","type":"product","link":"https:\/\/westgem.shop\/fr\/produit\/calcite-jaune-xx-montagne-de-plomb\/","title":{"rendered":"CALCIT jaune xx - BLEIBERG"},"content":{"rendered":"<p>L'extraction du plomb et du zinc - mentionn\u00e9e pour la premi\u00e8re fois vers 500 av. J.-C. - a \u00e9galement fourni \u00e0 plusieurs reprises d'int\u00e9ressantes \u00c9TAPES DE CALCITE avec des cristaux de diff\u00e9rentes formations.<\/p>\n<p>Les CRISTALES CALCITES en forme de tonneau sont appel\u00e9es SPATS CANONS.<\/p>\n<p>Ce tr\u00e8s beau niveau de document provient de la mine Rudolf du vaste site minier de BLEIBERG\/KREUTHER.<\/p>\n<p>Surfaces finales naturellement non endommag\u00e9es.<\/p>\n<p>Poids : 130 g Dimensions : 6,5 x 4 x 4 cm<\/p>","protected":false},"excerpt":{"rendered":"<p>L'exploitation mini\u00e8re du plomb et du zinc - mentionn\u00e9e pour la premi\u00e8re fois vers 500 av. J.-C. - a toujours fourni d'int\u00e9ressantes \u00c9TAPES DE CALCITE avec des cristaux de diff\u00e9rentes formes. Les CRISTALES DE CALCITE en forme de tonneau sont appel\u00e9es SPATS CANONNES. Ce tr\u00e8s beau niveau de preuve provient de la mine Rudolf de la vaste exploitation mini\u00e8re de BLEIBERG\/KREUTHER. Surfaces terminales naturellement intactes. Poids : 130 g Dimensions : 6,5 x 4 x 4 cm<\/p>","protected":false},"featured_media":858,"template":"","meta":{"_acf_changed":false},"region":[],"product_brand":[],"product_cat":[15],"product_tag":[],"class_list":{"0":"post-857","1":"product","2":"type-product","3":"status-publish","4":"has-post-thumbnail","6":"product_cat-mineralien","8":"first","9":"outofstock","10":"sold-individually","11":"product-type-simple"},"acf":[],"_links":{"self":[{"href":"https:\/\/westgem.shop\/fr\/wp-json\/wp\/v2\/product\/857","targetHints":{"allow":["GET"]}}],"collection":[{"href":"https:\/\/westgem.shop\/fr\/wp-json\/wp\/v2\/product"}],"about":[{"href":"https:\/\/westgem.shop\/fr\/wp-json\/wp\/v2\/types\/product"}],"wp:featuredmedia":[{"embeddable":true,"href":"https:\/\/westgem.shop\/fr\/wp-json\/wp\/v2\/media\/858"}],"wp:attachment":[{"href":"https:\/\/westgem.shop\/fr\/wp-json\/wp\/v2\/media?parent=857"}],"wp:term":[{"taxonomy":"region","embeddable":true,"href":"https:\/\/westgem.shop\/fr\/wp-json\/wp\/v2\/region?post=857"},{"taxonomy":"product_brand","embeddable":true,"href":"https:\/\/westgem.shop\/fr\/wp-json\/wp\/v2\/product_brand?post=857"},{"taxonomy":"product_cat","embeddable":true,"href":"https:\/\/westgem.shop\/fr\/wp-json\/wp\/v2\/product_cat?post=857"},{"taxonomy":"product_tag","embeddable":true,"href":"https:\/\/westgem.shop\/fr\/wp-json\/wp\/v2\/product_tag?post=857"}],"curies":[{"name":"wp","href":"https:\/\/api.w.org\/{rel}","templated":true}]}}