{"id":861,"date":"2000-05-21T00:00:00","date_gmt":"2000-05-21T00:00:00","guid":{"rendered":"https:\/\/miners.rocks\/product\/199\/"},"modified":"2020-05-19T16:56:18","modified_gmt":"2020-05-19T16:56:18","slug":"quartz-cactus-xx-amethyste","status":"publish","type":"product","link":"https:\/\/westgem.shop\/fr\/produit\/quartz-cactus-xx-amethyste\/","title":{"rendered":"KAKTUSQUARZ xx - AMETHYST"},"content":{"rendered":"<p>Lorsque les premi\u00e8res pi\u00e8ces de cette d\u00e9couverte sont apparues sur le march\u00e9 il y a environ 10 ans, elles \u00e9taient partout tr\u00e8s recherch\u00e9es. Entre-temps, l'offre est redevenue tr\u00e8s modeste, car les premiers sites de d\u00e9couverte ne fournissent plus de mat\u00e9riel, ils ont donc \u00e9t\u00e9 vid\u00e9s de leur substance et les nouvelles d\u00e9couvertes ne se font plus que tr\u00e8s sporadiquement.<\/p>\n<p>Petits cristaux de quartz brillants de 2\u00e8me g\u00e9n\u00e9ration en AMETHYST . Superbe niveau de cristal !<\/p>\n<p>Lieu de d\u00e9couverte : Boekenhouthock -Northern Transvaal - Afrique du Sud<\/p>\n<p>Poids : 670 g Dimensions : 14 x 10 x 7 cm<\/p>","protected":false},"excerpt":{"rendered":"<p>Lorsque les premi\u00e8res pi\u00e8ces de cette d\u00e9couverte sont apparues sur le march\u00e9 il y a environ 10 ans, elles \u00e9taient partout tr\u00e8s recherch\u00e9es. Entre-temps, l'offre est redevenue tr\u00e8s modeste, car les premiers sites de d\u00e9couverte ne fournissent plus de mat\u00e9riel, ils ont donc \u00e9t\u00e9 nettoy\u00e9s et les nouvelles d\u00e9couvertes ne se font que tr\u00e8s sporadiquement. Petits cristaux de quartz tr\u00e8s brillants de la 2\u00e8me g\u00e9n\u00e9ration en AMETHYST . Superbe [...]<\/p>","protected":false},"featured_media":862,"template":"","meta":{"_acf_changed":false},"region":[],"product_brand":[],"product_cat":[15],"product_tag":[],"class_list":{"0":"post-861","1":"product","2":"type-product","3":"status-publish","4":"has-post-thumbnail","6":"product_cat-mineralien","8":"first","9":"outofstock","10":"sold-individually","11":"product-type-simple"},"acf":[],"_links":{"self":[{"href":"https:\/\/westgem.shop\/fr\/wp-json\/wp\/v2\/product\/861","targetHints":{"allow":["GET"]}}],"collection":[{"href":"https:\/\/westgem.shop\/fr\/wp-json\/wp\/v2\/product"}],"about":[{"href":"https:\/\/westgem.shop\/fr\/wp-json\/wp\/v2\/types\/product"}],"wp:featuredmedia":[{"embeddable":true,"href":"https:\/\/westgem.shop\/fr\/wp-json\/wp\/v2\/media\/862"}],"wp:attachment":[{"href":"https:\/\/westgem.shop\/fr\/wp-json\/wp\/v2\/media?parent=861"}],"wp:term":[{"taxonomy":"region","embeddable":true,"href":"https:\/\/westgem.shop\/fr\/wp-json\/wp\/v2\/region?post=861"},{"taxonomy":"product_brand","embeddable":true,"href":"https:\/\/westgem.shop\/fr\/wp-json\/wp\/v2\/product_brand?post=861"},{"taxonomy":"product_cat","embeddable":true,"href":"https:\/\/westgem.shop\/fr\/wp-json\/wp\/v2\/product_cat?post=861"},{"taxonomy":"product_tag","embeddable":true,"href":"https:\/\/westgem.shop\/fr\/wp-json\/wp\/v2\/product_tag?post=861"}],"curies":[{"name":"wp","href":"https:\/\/api.w.org\/{rel}","templated":true}]}}