{"id":864,"date":"2000-05-22T00:00:00","date_gmt":"2000-05-22T00:00:00","guid":{"rendered":"https:\/\/miners.rocks\/product\/200\/"},"modified":"2020-05-19T16:56:18","modified_gmt":"2020-05-19T16:56:18","slug":"cristal-de-roche-xx-maltatal","status":"publish","type":"product","link":"https:\/\/westgem.shop\/fr\/produit\/cristal-de-roche-xx-maltatal\/","title":{"rendered":"CRISTAL DE MONTAGNE xx - VALLEE DE MALTE"},"content":{"rendered":"<p>\n\tTOP Cristal de roche xx - Haute montagne<\/p>\n<p>\n\tTrouv\u00e9 lors de la construction de la route menant au barrage de K\u00f6lnbrein - le plus haut barrage des Alpes orientales (hauteur du barrage = 200 m\u00e8tres). Ce barrage recueille l'eau des 3000 m\u00e8tres environnants dans un immense lac de retenue de plusieurs kilom\u00e8tres de long (volume d'eau en cas de pleine retenue = 200 millions de m3).<\/p>\n<p>\n\tA visiter absolument en \u00e9t\u00e9 - on peut monter tout en haut en voiture par une route \u00e0 p\u00e9age. Les montagnes environnantes de plus de 3.000 m\u00e8tres d'altitude avec leurs glaciers, comme la \"reine des Tauern\" HOCHALMSPITZE (3.360 m) et l'ANKOGEL (3.252 m), forment un d\u00e9cor grandiose. Des sentiers de randonn\u00e9e partant du parking et longeant le lac de retenue et la haute montagne - une exp\u00e9rience inoubliable.<\/p>\n<p>\n\tTr\u00e8s beau niveau en cristal de roche avec des faces terminales intactes.<\/p>\n<p>\n\tPoids : 440g Dimensions : 11,5 x 11 x 7 cm<\/p>","protected":false},"excerpt":{"rendered":"<p>TOP Cristal de roche xx - Hautes Alpes Trouv\u00e9 lors de la construction de la route menant au barrage de K\u00f6lnbrein - le plus haut barrage des Alpes orientales (hauteur du barrage = 200 m\u00e8tres). Ce barrage recueille l'eau des 3000 m\u00e8tres environnants dans un immense lac de retenue de plusieurs kilom\u00e8tres de long (volume d'eau en cas de pleine retenue = 200 millions de m3). A visiter absolument en \u00e9t\u00e9 - on peut y aller avec [...].<\/p>","protected":false},"featured_media":865,"template":"","meta":{"_acf_changed":false},"region":[],"product_brand":[],"product_cat":[15],"product_tag":[],"class_list":{"0":"post-864","1":"product","2":"type-product","3":"status-publish","4":"has-post-thumbnail","6":"product_cat-mineralien","8":"first","9":"outofstock","10":"sold-individually","11":"product-type-simple"},"acf":[],"_links":{"self":[{"href":"https:\/\/westgem.shop\/fr\/wp-json\/wp\/v2\/product\/864","targetHints":{"allow":["GET"]}}],"collection":[{"href":"https:\/\/westgem.shop\/fr\/wp-json\/wp\/v2\/product"}],"about":[{"href":"https:\/\/westgem.shop\/fr\/wp-json\/wp\/v2\/types\/product"}],"wp:featuredmedia":[{"embeddable":true,"href":"https:\/\/westgem.shop\/fr\/wp-json\/wp\/v2\/media\/865"}],"wp:attachment":[{"href":"https:\/\/westgem.shop\/fr\/wp-json\/wp\/v2\/media?parent=864"}],"wp:term":[{"taxonomy":"region","embeddable":true,"href":"https:\/\/westgem.shop\/fr\/wp-json\/wp\/v2\/region?post=864"},{"taxonomy":"product_brand","embeddable":true,"href":"https:\/\/westgem.shop\/fr\/wp-json\/wp\/v2\/product_brand?post=864"},{"taxonomy":"product_cat","embeddable":true,"href":"https:\/\/westgem.shop\/fr\/wp-json\/wp\/v2\/product_cat?post=864"},{"taxonomy":"product_tag","embeddable":true,"href":"https:\/\/westgem.shop\/fr\/wp-json\/wp\/v2\/product_tag?post=864"}],"curies":[{"name":"wp","href":"https:\/\/api.w.org\/{rel}","templated":true}]}}