{"id":870,"date":"2000-05-24T00:00:00","date_gmt":"2000-05-24T00:00:00","guid":{"rendered":"https:\/\/miners.rocks\/product\/202\/"},"modified":"2020-05-19T16:56:19","modified_gmt":"2020-05-19T16:56:19","slug":"haematite-angleterre","status":"publish","type":"product","link":"https:\/\/westgem.shop\/fr\/produit\/haematite-angleterre\/","title":{"rendered":"H\u00c9MATITE - ANGLETERRE"},"content":{"rendered":"<p>VRAIE \" PIERRE DE SANG \" H\u00e9matite - Fe2O3 . T\u00caTE DE VERRE ROUGE .<\/p>\n<p>Ne pas confondre avec les soi-disant \"bijoux en pierre de sang\" et les pierres de tambour qui sont propos\u00e9es en masse sur le march\u00e9. Il s'agit soit d'un produit fritt\u00e9 en fer, soit d'une pierre de fer magn\u00e9tique.<\/p>\n<p>C'est tr\u00e8s facile \u00e0 v\u00e9rifier. L'h\u00e9matite v\u00e9ritable n'est PAS MAGN\u00c9TIQUE!Il suffit de prendre un aimant et s'il attire le mat\u00e9riau, m\u00eame l\u00e9g\u00e8rement, ce n'est PAS de l'h\u00e9matite. De plus, l'h\u00e9matite est tr\u00e8s dure et cassante et donc tr\u00e8s difficile \u00e0 poncer.<\/p>\n<p>ATTENTION : de nombreuses autres pierres, en particulier dans le domaine de la bijouterie, ne sont pas ce qu'elles semblent \u00eatre.<\/p>\n<p>Le lieu de d\u00e9couverte de cette 'pi\u00e8ce est CUMBERLAND en ANGLETERRE.<\/p>\n<p>Poids : 380 g Dimensions : 6,5 x 4,5 x 3 cm<\/p>","protected":false},"excerpt":{"rendered":"<p>VRAIE \" PIERRE DE SANG \" H\u00e9matite - Fe2O3 . T\u00caTE DE VERRE ROUGE . Ne pas confondre avec les soi-disant \"bijoux en pierre de sang\" et les pierres de tambour qui sont propos\u00e9es en masse sur le march\u00e9. Ce mat\u00e9riau n'est en g\u00e9n\u00e9ral PAS VRAI, il s'agit soit d'un produit fritt\u00e9 en fer, soit d'une pierre de fer magn\u00e9tique. Il est tr\u00e8s facile de le v\u00e9rifier. L'h\u00e9matite v\u00e9ritable n'est PAS MAGN\u00c9TIQUE.<\/p>","protected":false},"featured_media":871,"template":"","meta":{"_acf_changed":false},"region":[],"product_brand":[],"product_cat":[15],"product_tag":[],"class_list":{"0":"post-870","1":"product","2":"type-product","3":"status-publish","4":"has-post-thumbnail","6":"product_cat-mineralien","8":"first","9":"outofstock","10":"sold-individually","11":"product-type-simple"},"acf":[],"_links":{"self":[{"href":"https:\/\/westgem.shop\/fr\/wp-json\/wp\/v2\/product\/870","targetHints":{"allow":["GET"]}}],"collection":[{"href":"https:\/\/westgem.shop\/fr\/wp-json\/wp\/v2\/product"}],"about":[{"href":"https:\/\/westgem.shop\/fr\/wp-json\/wp\/v2\/types\/product"}],"wp:featuredmedia":[{"embeddable":true,"href":"https:\/\/westgem.shop\/fr\/wp-json\/wp\/v2\/media\/871"}],"wp:attachment":[{"href":"https:\/\/westgem.shop\/fr\/wp-json\/wp\/v2\/media?parent=870"}],"wp:term":[{"taxonomy":"region","embeddable":true,"href":"https:\/\/westgem.shop\/fr\/wp-json\/wp\/v2\/region?post=870"},{"taxonomy":"product_brand","embeddable":true,"href":"https:\/\/westgem.shop\/fr\/wp-json\/wp\/v2\/product_brand?post=870"},{"taxonomy":"product_cat","embeddable":true,"href":"https:\/\/westgem.shop\/fr\/wp-json\/wp\/v2\/product_cat?post=870"},{"taxonomy":"product_tag","embeddable":true,"href":"https:\/\/westgem.shop\/fr\/wp-json\/wp\/v2\/product_tag?post=870"}],"curies":[{"name":"wp","href":"https:\/\/api.w.org\/{rel}","templated":true}]}}