{"id":874,"date":"2000-05-25T00:00:00","date_gmt":"2000-05-25T00:00:00","guid":{"rendered":"https:\/\/miners.rocks\/product\/203\/"},"modified":"2020-05-19T16:56:19","modified_gmt":"2020-05-19T16:56:19","slug":"localite-de-tourmaline-dravit-xx","status":"publish","type":"product","link":"https:\/\/westgem.shop\/fr\/produit\/localite-de-tourmaline-dravit-xx\/","title":{"rendered":"DRAVIT xx TURMALIN - Localit\u00e9 type"},"content":{"rendered":"<p>Les DRAVITES sont des TURMALINES DE MAGNESIUM brunes, d\u00e9crites pour la premi\u00e8re fois en 1883 par le professeur Tschermak, scientifique autrichien.<\/p>\n<p>Ces TURMALINES DE MAGNESIUM sont devenues une RARITE mondiale et ont \u00e9t\u00e9 pr\u00e9sent\u00e9es dans tous les mus\u00e9es et expositions.<\/p>\n<p>Le TURMALINGRUPPE, inconnu jusqu'alors, a \u00e9t\u00e9 nomm\u00e9 d'apr\u00e8s l'endroit o\u00f9 il a \u00e9t\u00e9 trouv\u00e9, \u00e0 proximit\u00e9 de la DRAUFLUSS. Le site se trouve sur le territoire de la R\u00e9publique de Slov\u00e9nie - directement \u00e0 la fronti\u00e8re sud de la Carinthie. La DRAU (qui traverse la Carinthie et la Slov\u00e9nie pour rejoindre le Danube) s'appelle DRAVE en Slov\u00e9nie, d'o\u00f9 le nom de DRAVIT, qui est valable dans le monde entier pour cette vari\u00e9t\u00e9 de TURMALIN.<\/p>\n<p>De cette <u>TYPLOCALIT\u00c9<\/u> sont <u>depuis 40 ans, aucun nouveau<\/u> Nous avons pu en acqu\u00e9rir plusieurs aupr\u00e8s d'un collectionneur de min\u00e9raux connu et nous les pr\u00e9senterons ici au fur et \u00e0 mesure.<\/p>\n<p>Lieu de d\u00e9couverte : DOBROVA - DRAVOGRAD (BASSE-DRAUBOURGNE) - maintenant SLOV\u00c9NIE avant 1918 AUTRICHE.<\/p>\n<p>Poids : 610 g Dimensions : 12 x 10 x 6 cm XX \u00e0 2 cm<\/p>\n<p>Des CRISTALES DRAVITES tw.. brillantes et transparentes avec des surfaces terminales sont pos\u00e9es sur une MATRICE MUSCULAIRE argent\u00e9e et brillante.  L'image 3 est l'arri\u00e8re de la marche<\/p>\n<p><u>Vous trouverez d'autres marches DRAVIT dans la cat\u00e9gorie : MIN\u00c9RAUX DE CARENE<\/u><\/p>","protected":false},"excerpt":{"rendered":"<p>Les DRAVITES sont des TURMALINES DE MAGNESIUM brunes, d\u00e9crites pour la premi\u00e8re fois en 1883 par le professeur Tschermak, un scientifique autrichien. Ces TURMALINES DE MAGNESIUM sont devenues une RARITE mondiale et ont \u00e9t\u00e9 pr\u00e9sent\u00e9es dans tous les mus\u00e9es et expositions. Le groupe des TURMALINES, inconnu jusqu'alors, a \u00e9t\u00e9 nomm\u00e9 d'apr\u00e8s le site de la d\u00e9couverte, qui se trouve \u00e0 proximit\u00e9 de la rivi\u00e8re DRAUFLUSS. Le site se trouve \u00e0 [...]<\/p>","protected":false},"featured_media":875,"template":"","meta":{"_acf_changed":false},"region":[],"product_brand":[],"product_cat":[15],"product_tag":[],"class_list":{"0":"post-874","1":"product","2":"type-product","3":"status-publish","4":"has-post-thumbnail","6":"product_cat-mineralien","8":"first","9":"outofstock","10":"sold-individually","11":"product-type-simple"},"acf":[],"_links":{"self":[{"href":"https:\/\/westgem.shop\/fr\/wp-json\/wp\/v2\/product\/874","targetHints":{"allow":["GET"]}}],"collection":[{"href":"https:\/\/westgem.shop\/fr\/wp-json\/wp\/v2\/product"}],"about":[{"href":"https:\/\/westgem.shop\/fr\/wp-json\/wp\/v2\/types\/product"}],"wp:featuredmedia":[{"embeddable":true,"href":"https:\/\/westgem.shop\/fr\/wp-json\/wp\/v2\/media\/875"}],"wp:attachment":[{"href":"https:\/\/westgem.shop\/fr\/wp-json\/wp\/v2\/media?parent=874"}],"wp:term":[{"taxonomy":"region","embeddable":true,"href":"https:\/\/westgem.shop\/fr\/wp-json\/wp\/v2\/region?post=874"},{"taxonomy":"product_brand","embeddable":true,"href":"https:\/\/westgem.shop\/fr\/wp-json\/wp\/v2\/product_brand?post=874"},{"taxonomy":"product_cat","embeddable":true,"href":"https:\/\/westgem.shop\/fr\/wp-json\/wp\/v2\/product_cat?post=874"},{"taxonomy":"product_tag","embeddable":true,"href":"https:\/\/westgem.shop\/fr\/wp-json\/wp\/v2\/product_tag?post=874"}],"curies":[{"name":"wp","href":"https:\/\/api.w.org\/{rel}","templated":true}]}}