{"id":881,"date":"2000-05-27T00:00:00","date_gmt":"2000-05-27T00:00:00","guid":{"rendered":"https:\/\/miners.rocks\/product\/205\/"},"modified":"2020-05-19T16:56:20","modified_gmt":"2020-05-19T16:56:20","slug":"tourmaline-dravit-xx","status":"publish","type":"product","link":"https:\/\/westgem.shop\/fr\/produit\/tourmaline-dravit-xx\/","title":{"rendered":"DRAVIT TURMALIN xx"},"content":{"rendered":"<p>Les DRAVITES sont des TURMALINES DE MAGNESIUM brunes, d\u00e9crites pour la premi\u00e8re fois en 1883 par le professeur Tschermak, un scientifique autrichien. Ces TURMALINES DE MAGNESIUM sont devenues une RARIT\u00c9 mondiale et ont \u00e9t\u00e9 pr\u00e9sent\u00e9es dans tous les mus\u00e9es et expositions. Le groupe des TURMALINES, inconnu jusqu'alors, a \u00e9t\u00e9 nomm\u00e9 d'apr\u00e8s le site de la d\u00e9couverte, qui se trouve \u00e0 proximit\u00e9 de la rivi\u00e8re DRAUFLUS. Le site se trouve sur le territoire de la R\u00e9publique de Slov\u00e9nie - directement \u00e0 la fronti\u00e8re sud de la Carinthie. La DRAU (qui traverse la Carinthie et la Slov\u00e9nie pour rejoindre le Danube) s'appelle DRAVE en Slov\u00e9nie, d'o\u00f9 le nom de DRAVIT, qui est valable dans le monde entier pour cette VARI\u00c9T\u00c9 TURMALINE. Depuis 40 ans, aucune nouvelle pi\u00e8ce de cette TYPLOCALIT\u00c9 n'est apparue. Nous avons pu en acqu\u00e9rir plusieurs aupr\u00e8s d'un collectionneur de min\u00e9raux connu et nous les pr\u00e9senterons ici au fur et \u00e0 mesure. Les collectionneurs devraient s'en emparer rapidement - personne n'a rien \u00e0 offrir - et nous n'avons nous aussi que quelques pi\u00e8ces. Lieu de d\u00e9couverte : DOBROVA - DRAVOGRAD (BASSE-DRAUBOURGNE) - maintenant SLOV\u00c9NIE avant 1918 AUTRICHE.<\/p>\n<p>Description d\u00e9taill\u00e9e pour l'art. KM - 117<\/p>\n<p>DRAVIT xx - TURMALIN - TYPLOCALIT\u00c9<\/p>\n<p>Poids de ce niveau : 560 g Dimensions : 17x 7 x 4 cm<\/p>","protected":false},"excerpt":{"rendered":"<p>Les DRAVITES sont des TURMALINES DE MAGNESIUM brunes, d\u00e9crites pour la premi\u00e8re fois en 1883 par le professeur Tschermak, un scientifique autrichien. Ces TURMALINES DE MAGNESIUM sont devenues une RARIT\u00c9 mondiale et ont \u00e9t\u00e9 pr\u00e9sent\u00e9es dans tous les mus\u00e9es et expositions. Le groupe des TURMALINES, inconnu jusqu'alors, a \u00e9t\u00e9 nomm\u00e9 d'apr\u00e8s le site de la d\u00e9couverte, qui se trouve \u00e0 proximit\u00e9 de la DRAUFLUSS. Le site se trouve sur les [...].<\/p>","protected":false},"featured_media":882,"template":"","meta":{"_acf_changed":false},"region":[],"product_brand":[],"product_cat":[15],"product_tag":[],"class_list":{"0":"post-881","1":"product","2":"type-product","3":"status-publish","4":"has-post-thumbnail","6":"product_cat-mineralien","8":"first","9":"outofstock","10":"sold-individually","11":"product-type-simple"},"acf":[],"_links":{"self":[{"href":"https:\/\/westgem.shop\/fr\/wp-json\/wp\/v2\/product\/881","targetHints":{"allow":["GET"]}}],"collection":[{"href":"https:\/\/westgem.shop\/fr\/wp-json\/wp\/v2\/product"}],"about":[{"href":"https:\/\/westgem.shop\/fr\/wp-json\/wp\/v2\/types\/product"}],"wp:featuredmedia":[{"embeddable":true,"href":"https:\/\/westgem.shop\/fr\/wp-json\/wp\/v2\/media\/882"}],"wp:attachment":[{"href":"https:\/\/westgem.shop\/fr\/wp-json\/wp\/v2\/media?parent=881"}],"wp:term":[{"taxonomy":"region","embeddable":true,"href":"https:\/\/westgem.shop\/fr\/wp-json\/wp\/v2\/region?post=881"},{"taxonomy":"product_brand","embeddable":true,"href":"https:\/\/westgem.shop\/fr\/wp-json\/wp\/v2\/product_brand?post=881"},{"taxonomy":"product_cat","embeddable":true,"href":"https:\/\/westgem.shop\/fr\/wp-json\/wp\/v2\/product_cat?post=881"},{"taxonomy":"product_tag","embeddable":true,"href":"https:\/\/westgem.shop\/fr\/wp-json\/wp\/v2\/product_tag?post=881"}],"curies":[{"name":"wp","href":"https:\/\/api.w.org\/{rel}","templated":true}]}}