{"id":887,"date":"2000-05-29T00:00:00","date_gmt":"2000-05-29T00:00:00","guid":{"rendered":"https:\/\/miners.rocks\/product\/207\/"},"modified":"2020-05-19T16:56:20","modified_gmt":"2020-05-19T16:56:20","slug":"arc-en-ciel-obsidienne-aaa","status":"publish","type":"product","link":"https:\/\/westgem.shop\/fr\/produit\/arc-en-ciel-obsidienne-aaa\/","title":{"rendered":"ARC-EN-CIEL OBSIDIENNE - AAA"},"content":{"rendered":"<p>OBSIDIANE arc-en-ciel de premi\u00e8re classe . Taill\u00e9 et poli \u00e0 la main au Mexique.<\/p>\n<p>L'obsidienne est un verre volcanique, g\u00e9n\u00e9ralement noir\/gris, qui \u00e9tait d\u00e9j\u00e0 utilis\u00e9 dans l'Antiquit\u00e9 pour les colliers et les amulettes. Selon leur aspect, les diff\u00e9rentes nuances de couleur re\u00e7oivent \u00e9galement diff\u00e9rents noms.<\/p>\n<p>L'obsidienne flocon de neige est sans doute la variante la plus courante. Il existe \u00e9galement une \" OBSIDIANE argent\u00e9e \", une \" OBSIDIANE dor\u00e9e \" et une \" OBSIDIANE acajou \" de couleur brune\/noire. ....<\/p>\n<p>La variante la plus belle et la plus rare est l'arc-en-ciel multicolore OBSIDIAN .<\/p>\n<p>La meilleure mati\u00e8re premi\u00e8re se trouve dans les r\u00e9gions volcaniques mexicaines.<\/p>\n<p>Le poids de cette pi\u00e8ce ma\u00eetresse est de 73 g Les dimensions : 7 x 4 x 3 cm<\/p>\n<p>L'image 4 est la face inf\u00e9rieure<\/p>","protected":false},"excerpt":{"rendered":"<p>OBSIDIANE arc-en-ciel de premi\u00e8re classe . Taill\u00e9 et poli \u00e0 la main au Mexique. L'obsidienne est un verre volcanique, g\u00e9n\u00e9ralement noir\/gris, qui \u00e9tait d\u00e9j\u00e0 utilis\u00e9 dans l'Antiquit\u00e9 pour les colliers et les amulettes. Selon leur aspect, les diff\u00e9rentes nuances de couleur re\u00e7oivent \u00e9galement des noms diff\u00e9rents. L'obsidienne flocon de neige est sans doute la variante la plus courante. Il existe \u00e9galement un [...]<\/p>","protected":false},"featured_media":888,"template":"","meta":{"_acf_changed":false},"region":[],"product_brand":[],"product_cat":[15],"product_tag":[],"class_list":{"0":"post-887","1":"product","2":"type-product","3":"status-publish","4":"has-post-thumbnail","6":"product_cat-mineralien","8":"first","9":"outofstock","10":"sold-individually","11":"product-type-simple"},"acf":[],"_links":{"self":[{"href":"https:\/\/westgem.shop\/fr\/wp-json\/wp\/v2\/product\/887","targetHints":{"allow":["GET"]}}],"collection":[{"href":"https:\/\/westgem.shop\/fr\/wp-json\/wp\/v2\/product"}],"about":[{"href":"https:\/\/westgem.shop\/fr\/wp-json\/wp\/v2\/types\/product"}],"wp:featuredmedia":[{"embeddable":true,"href":"https:\/\/westgem.shop\/fr\/wp-json\/wp\/v2\/media\/888"}],"wp:attachment":[{"href":"https:\/\/westgem.shop\/fr\/wp-json\/wp\/v2\/media?parent=887"}],"wp:term":[{"taxonomy":"region","embeddable":true,"href":"https:\/\/westgem.shop\/fr\/wp-json\/wp\/v2\/region?post=887"},{"taxonomy":"product_brand","embeddable":true,"href":"https:\/\/westgem.shop\/fr\/wp-json\/wp\/v2\/product_brand?post=887"},{"taxonomy":"product_cat","embeddable":true,"href":"https:\/\/westgem.shop\/fr\/wp-json\/wp\/v2\/product_cat?post=887"},{"taxonomy":"product_tag","embeddable":true,"href":"https:\/\/westgem.shop\/fr\/wp-json\/wp\/v2\/product_tag?post=887"}],"curies":[{"name":"wp","href":"https:\/\/api.w.org\/{rel}","templated":true}]}}