{"id":892,"date":"2000-05-30T00:00:00","date_gmt":"2000-05-30T00:00:00","guid":{"rendered":"https:\/\/miners.rocks\/product\/208\/"},"modified":"2020-05-19T16:56:22","modified_gmt":"2020-05-19T16:56:22","slug":"diamant-jaune-vert-x-sierra-leone","status":"publish","type":"product","link":"https:\/\/westgem.shop\/fr\/produit\/diamant-jaune-vert-x-sierra-leone\/","title":{"rendered":"DIAMANT VERT JAUNE x SIERRA LEONE"},"content":{"rendered":"<p>DIAMANT - forme de cristal .  Cube - opaque - couleur .JAUNE\/VERT<\/p>\n<p>La plupart des DIAMANTS trouv\u00e9s ne sont en fait pas dignes d'\u00eatre taill\u00e9s.<\/p>\n<p> On pense g\u00e9n\u00e9ralement que tous les DIAMANTS sont blancs - erreur, il peut y avoir toutes les couleurs possibles, comme pour presque tous les MIN\u00c9RAUX. La couleur la plus fr\u00e9quente des DIAMANTS est le JAUNE.<\/p>\n<p>Ce CRISTAL DIAMANT provient de SIERRA LEONE est NATUREL, \u00e9galement en couleur.<\/p>\n<p>Taille : 2 x 2 mm Poids environ 1 ct.<\/p>\n<p>Le DIAMANT repose sur un mastic min\u00e9ral et est livr\u00e9 dans une bo\u00eete transparente.<\/p>","protected":false},"excerpt":{"rendered":"<p>DIAMANT - forme de cristal . Cube - opaque - couleur .JAUNE\/VERT La plupart des DIAMANTS trouv\u00e9s ne sont pas dignes d'\u00eatre taill\u00e9s. On pense g\u00e9n\u00e9ralement que tous les DIAMANTS sont blancs - erreur, il peut y avoir toutes les couleurs possibles, comme pour presque tous les MIN\u00c9RAUX. La couleur la plus fr\u00e9quente des DIAMANTS est le JAUNE. Ce CRISTAL DIAMANT provient de SIERRA LEONE et est [...].<\/p>","protected":false},"featured_media":893,"template":"","meta":{"_acf_changed":false},"region":[],"product_brand":[],"product_cat":[15],"product_tag":[],"class_list":{"0":"post-892","1":"product","2":"type-product","3":"status-publish","4":"has-post-thumbnail","6":"product_cat-mineralien","8":"first","9":"outofstock","10":"sold-individually","11":"product-type-simple"},"acf":[],"_links":{"self":[{"href":"https:\/\/westgem.shop\/fr\/wp-json\/wp\/v2\/product\/892","targetHints":{"allow":["GET"]}}],"collection":[{"href":"https:\/\/westgem.shop\/fr\/wp-json\/wp\/v2\/product"}],"about":[{"href":"https:\/\/westgem.shop\/fr\/wp-json\/wp\/v2\/types\/product"}],"wp:featuredmedia":[{"embeddable":true,"href":"https:\/\/westgem.shop\/fr\/wp-json\/wp\/v2\/media\/893"}],"wp:attachment":[{"href":"https:\/\/westgem.shop\/fr\/wp-json\/wp\/v2\/media?parent=892"}],"wp:term":[{"taxonomy":"region","embeddable":true,"href":"https:\/\/westgem.shop\/fr\/wp-json\/wp\/v2\/region?post=892"},{"taxonomy":"product_brand","embeddable":true,"href":"https:\/\/westgem.shop\/fr\/wp-json\/wp\/v2\/product_brand?post=892"},{"taxonomy":"product_cat","embeddable":true,"href":"https:\/\/westgem.shop\/fr\/wp-json\/wp\/v2\/product_cat?post=892"},{"taxonomy":"product_tag","embeddable":true,"href":"https:\/\/westgem.shop\/fr\/wp-json\/wp\/v2\/product_tag?post=892"}],"curies":[{"name":"wp","href":"https:\/\/api.w.org\/{rel}","templated":true}]}}