{"id":896,"date":"2000-05-31T00:00:00","date_gmt":"2000-05-31T00:00:00","guid":{"rendered":"https:\/\/miners.rocks\/product\/209\/"},"modified":"2020-05-19T16:56:22","modified_gmt":"2020-05-19T16:56:22","slug":"bois-petrifie-poli-dun-cote","status":"publish","type":"product","link":"https:\/\/westgem.shop\/fr\/produit\/bois-petrifie-poli-dun-cote\/","title":{"rendered":"BOIS POLI - Polissage d'un c\u00f4t\u00e9"},"content":{"rendered":"<p>Morceau de branche poli sur une face d'un ARBRE ARAUCARIEN qui existait il y a environ 100 millions d'ann\u00e9es. De belles structures et couleurs - une pi\u00e8ce d\u00e9corative attrayante.<\/p>\n<p>localisation de la trouvaille : Vall\u00e9e de Manando - Madagascar<\/p>\n<p>Poids : 340 g Dimensions : 9 x 7 x 5 cm<\/p>","protected":false},"excerpt":{"rendered":"<p>Morceau de branche poli sur une face d'un ARBRE ARAUCARIEN qui existait il y a environ 100 millions d'ann\u00e9es. De belles structures et couleurs - une pi\u00e8ce d\u00e9corative attrayante. Lieu de d\u00e9couverte : Vall\u00e9e de Manando - Madagascar Poids : 340 g Dimensions : 9 x 7 x 5 cm<\/p>","protected":false},"featured_media":897,"template":"","meta":{"_acf_changed":false},"region":[],"product_brand":[],"product_cat":[15],"product_tag":[],"class_list":{"0":"post-896","1":"product","2":"type-product","3":"status-publish","4":"has-post-thumbnail","6":"product_cat-mineralien","8":"first","9":"outofstock","10":"sold-individually","11":"product-type-simple"},"acf":[],"_links":{"self":[{"href":"https:\/\/westgem.shop\/fr\/wp-json\/wp\/v2\/product\/896","targetHints":{"allow":["GET"]}}],"collection":[{"href":"https:\/\/westgem.shop\/fr\/wp-json\/wp\/v2\/product"}],"about":[{"href":"https:\/\/westgem.shop\/fr\/wp-json\/wp\/v2\/types\/product"}],"wp:featuredmedia":[{"embeddable":true,"href":"https:\/\/westgem.shop\/fr\/wp-json\/wp\/v2\/media\/897"}],"wp:attachment":[{"href":"https:\/\/westgem.shop\/fr\/wp-json\/wp\/v2\/media?parent=896"}],"wp:term":[{"taxonomy":"region","embeddable":true,"href":"https:\/\/westgem.shop\/fr\/wp-json\/wp\/v2\/region?post=896"},{"taxonomy":"product_brand","embeddable":true,"href":"https:\/\/westgem.shop\/fr\/wp-json\/wp\/v2\/product_brand?post=896"},{"taxonomy":"product_cat","embeddable":true,"href":"https:\/\/westgem.shop\/fr\/wp-json\/wp\/v2\/product_cat?post=896"},{"taxonomy":"product_tag","embeddable":true,"href":"https:\/\/westgem.shop\/fr\/wp-json\/wp\/v2\/product_tag?post=896"}],"curies":[{"name":"wp","href":"https:\/\/api.w.org\/{rel}","templated":true}]}}