{"id":900,"date":"2000-06-01T00:00:00","date_gmt":"2000-06-01T00:00:00","guid":{"rendered":"https:\/\/miners.rocks\/product\/210\/"},"modified":"2020-05-19T16:56:22","modified_gmt":"2020-05-19T16:56:22","slug":"bois-fossile-malgache","status":"publish","type":"product","link":"https:\/\/westgem.shop\/fr\/produit\/bois-fossile-malgache\/","title":{"rendered":"BOIS FOSSILE - Madagascar"},"content":{"rendered":"<p>Tr\u00e8s belle pi\u00e8ce de BOIS POLITIQUE - datant d'environ 100 millions d'ann\u00e9es, polie d'un c\u00f4t\u00e9 pour mieux faire ressortir la structure interne de l'ancien arbre.<\/p>\n<p>Superbe pi\u00e8ce de d\u00e9coration, \u00e9galement pour un bureau comme presse-papiers.<\/p>\n<p>Le lieu de d\u00e9couverte des troncs est le Mt. Bity \u00e0 Madagascar .<\/p>\n<p>Poids : 680 g Dimensions : 9 x 9 x 7 cm<\/p>","protected":false},"excerpt":{"rendered":"<p>Tr\u00e8s belle pi\u00e8ce de BOIS POLITIQUE - datant d'environ 100 millions d'ann\u00e9es, polie d'un c\u00f4t\u00e9 pour mieux faire ressortir la structure interne de l'ancien arbre. Superbe pi\u00e8ce de d\u00e9coration, \u00e9galement pour un bureau comme presse-papiers. Les troncs ont \u00e9t\u00e9 trouv\u00e9s sur le Mt. Bity \u00e0 Madagascar. Poids : 680 g Dimensions : 9 x 9 x 7 cm<\/p>","protected":false},"featured_media":901,"template":"","meta":{"_acf_changed":false},"region":[],"product_brand":[],"product_cat":[15],"product_tag":[],"class_list":{"0":"post-900","1":"product","2":"type-product","3":"status-publish","4":"has-post-thumbnail","6":"product_cat-mineralien","8":"first","9":"outofstock","10":"sold-individually","11":"product-type-simple"},"acf":[],"_links":{"self":[{"href":"https:\/\/westgem.shop\/fr\/wp-json\/wp\/v2\/product\/900","targetHints":{"allow":["GET"]}}],"collection":[{"href":"https:\/\/westgem.shop\/fr\/wp-json\/wp\/v2\/product"}],"about":[{"href":"https:\/\/westgem.shop\/fr\/wp-json\/wp\/v2\/types\/product"}],"wp:featuredmedia":[{"embeddable":true,"href":"https:\/\/westgem.shop\/fr\/wp-json\/wp\/v2\/media\/901"}],"wp:attachment":[{"href":"https:\/\/westgem.shop\/fr\/wp-json\/wp\/v2\/media?parent=900"}],"wp:term":[{"taxonomy":"region","embeddable":true,"href":"https:\/\/westgem.shop\/fr\/wp-json\/wp\/v2\/region?post=900"},{"taxonomy":"product_brand","embeddable":true,"href":"https:\/\/westgem.shop\/fr\/wp-json\/wp\/v2\/product_brand?post=900"},{"taxonomy":"product_cat","embeddable":true,"href":"https:\/\/westgem.shop\/fr\/wp-json\/wp\/v2\/product_cat?post=900"},{"taxonomy":"product_tag","embeddable":true,"href":"https:\/\/westgem.shop\/fr\/wp-json\/wp\/v2\/product_tag?post=900"}],"curies":[{"name":"wp","href":"https:\/\/api.w.org\/{rel}","templated":true}]}}