{"id":904,"date":"2000-06-02T00:00:00","date_gmt":"2000-06-02T00:00:00","guid":{"rendered":"https:\/\/miners.rocks\/product\/211\/"},"modified":"2020-05-19T16:56:23","modified_gmt":"2020-05-19T16:56:23","slug":"diamant-brut-sierra-leone","status":"publish","type":"product","link":"https:\/\/westgem.shop\/fr\/produit\/diamant-brut-sierra-leone\/","title":{"rendered":"DIAMANT BRUT - SIERRA LEONE"},"content":{"rendered":"<p>DIAMANT BRUT - couleur JAUNE.<\/p>\n<p>La majorit\u00e9 des DIAMANTS extraits ne sont en fait pas dignes d'\u00eatre taill\u00e9s et sont utilis\u00e9s \u00e0 des fins industrielles.<\/p>\n<p>La couleur la plus courante des DIAMANTS est le JAUNE. Mais on trouve des diamants de toutes les couleurs.  Seules les pierres claires et transparentes sont taill\u00e9es en pierres pr\u00e9cieuses - et seuls les BRILLANTS de premi\u00e8re qualit\u00e9 (= diamant taill\u00e9) avec un poids de pierre sup\u00e9rieur \u00e0 2 carats conviennent \u00e9galement comme investissement.<\/p>\n<p>Ce diamant brut (non taillable) provient des c\u00e9l\u00e8bres gisements de SIERRA LEONE.<\/p>\n<p>Taille cs 2 x 2 cm Poids de la pierre env. 1 ct<\/p>\n<p>La pierre est pos\u00e9e sur un mastic min\u00e9ral et est livr\u00e9e dans une bo\u00eete transparente.<\/p>","protected":false},"excerpt":{"rendered":"<p>DIAMANT brut - couleur JAUNE. La majorit\u00e9 des DIAMANTS extraits ne sont pas vraiment dignes d'\u00eatre taill\u00e9s et sont utilis\u00e9s \u00e0 des fins industrielles. La couleur la plus fr\u00e9quente des DIAMANTS est le JAUNE. Mais on trouve des diamants de toutes les couleurs. Seules les pierres claires - transparentes sont taill\u00e9es en pierres pr\u00e9cieuses - et seuls les BRILLANTS de premi\u00e8re qualit\u00e9 (= diamant taill\u00e9) avec [...] sont utilis\u00e9s.<\/p>","protected":false},"featured_media":905,"template":"","meta":{"_acf_changed":false},"region":[],"product_brand":[],"product_cat":[15],"product_tag":[],"class_list":{"0":"post-904","1":"product","2":"type-product","3":"status-publish","4":"has-post-thumbnail","6":"product_cat-mineralien","8":"first","9":"outofstock","10":"sold-individually","11":"product-type-simple"},"acf":[],"_links":{"self":[{"href":"https:\/\/westgem.shop\/fr\/wp-json\/wp\/v2\/product\/904","targetHints":{"allow":["GET"]}}],"collection":[{"href":"https:\/\/westgem.shop\/fr\/wp-json\/wp\/v2\/product"}],"about":[{"href":"https:\/\/westgem.shop\/fr\/wp-json\/wp\/v2\/types\/product"}],"wp:featuredmedia":[{"embeddable":true,"href":"https:\/\/westgem.shop\/fr\/wp-json\/wp\/v2\/media\/905"}],"wp:attachment":[{"href":"https:\/\/westgem.shop\/fr\/wp-json\/wp\/v2\/media?parent=904"}],"wp:term":[{"taxonomy":"region","embeddable":true,"href":"https:\/\/westgem.shop\/fr\/wp-json\/wp\/v2\/region?post=904"},{"taxonomy":"product_brand","embeddable":true,"href":"https:\/\/westgem.shop\/fr\/wp-json\/wp\/v2\/product_brand?post=904"},{"taxonomy":"product_cat","embeddable":true,"href":"https:\/\/westgem.shop\/fr\/wp-json\/wp\/v2\/product_cat?post=904"},{"taxonomy":"product_tag","embeddable":true,"href":"https:\/\/westgem.shop\/fr\/wp-json\/wp\/v2\/product_tag?post=904"}],"curies":[{"name":"wp","href":"https:\/\/api.w.org\/{rel}","templated":true}]}}