{"id":908,"date":"2000-06-03T00:00:00","date_gmt":"2000-06-03T00:00:00","guid":{"rendered":"https:\/\/miners.rocks\/product\/212\/"},"modified":"2020-05-19T16:56:23","modified_gmt":"2020-05-19T16:56:23","slug":"zircon-xx-hyacinthe","status":"publish","type":"product","link":"https:\/\/westgem.shop\/fr\/produit\/zircon-xx-hyacinthe\/","title":{"rendered":"ZIRCON xx - HYAZINTH"},"content":{"rendered":"<p>Les CIRCONES rouge-brun sont \u00e9galement appel\u00e9s HYAZINTH.<\/p>\n<p>Le ZIRCONE est un min\u00e9ral tr\u00e8s dur, la forme cristalline est celle d'un acide court.<\/p>\n<p>Ce petit niveau est originaire de Madagascar et montre jusqu'\u00e0 3 couleurs sous la lumi\u00e8re UV.<\/p>\n<p>Pour les CIRCONES, comme pour le GROUPE GRANAT, toutes les couleurs peuvent appara\u00eetre .<\/p>\n<p>Attention lors de l'achat de CIRCONES verts - les CIRCONES dits HAUTS contiennent une part d'\u00e9l\u00e9ments radioactifs - comme l'URAN ou le THORIUM .<\/p>\n<p>Ces HYAZINTHES ne sont PAS radioactives !<\/p>\n<p>Poids : 210 g Dimensions : 8 x 6 x 4 cm ZIRCONE x 3 cm de long<\/p>","protected":false},"excerpt":{"rendered":"<p>Les ZIRCONES rouge-brun sont \u00e9galement appel\u00e9s HYAZINTH. Le ZIRCONE est un min\u00e9ral tr\u00e8s dur, la forme cristalline est \u00e0 colonne courte. Cette petite vari\u00e9t\u00e9 provient de Madagascar et pr\u00e9sente jusqu'\u00e0 3 couleurs sous la lumi\u00e8re UV. Comme pour le groupe des GRANATS, toutes les couleurs peuvent appara\u00eetre chez les ZIRCONES. Attention lors de l'achat de CIRCONES verts - dits CIRCONES HAUTS [...].<\/p>","protected":false},"featured_media":909,"template":"","meta":{"_acf_changed":false},"region":[],"product_brand":[],"product_cat":[15],"product_tag":[],"class_list":{"0":"post-908","1":"product","2":"type-product","3":"status-publish","4":"has-post-thumbnail","6":"product_cat-mineralien","8":"first","9":"outofstock","10":"sold-individually","11":"product-type-simple"},"acf":[],"_links":{"self":[{"href":"https:\/\/westgem.shop\/fr\/wp-json\/wp\/v2\/product\/908","targetHints":{"allow":["GET"]}}],"collection":[{"href":"https:\/\/westgem.shop\/fr\/wp-json\/wp\/v2\/product"}],"about":[{"href":"https:\/\/westgem.shop\/fr\/wp-json\/wp\/v2\/types\/product"}],"wp:featuredmedia":[{"embeddable":true,"href":"https:\/\/westgem.shop\/fr\/wp-json\/wp\/v2\/media\/909"}],"wp:attachment":[{"href":"https:\/\/westgem.shop\/fr\/wp-json\/wp\/v2\/media?parent=908"}],"wp:term":[{"taxonomy":"region","embeddable":true,"href":"https:\/\/westgem.shop\/fr\/wp-json\/wp\/v2\/region?post=908"},{"taxonomy":"product_brand","embeddable":true,"href":"https:\/\/westgem.shop\/fr\/wp-json\/wp\/v2\/product_brand?post=908"},{"taxonomy":"product_cat","embeddable":true,"href":"https:\/\/westgem.shop\/fr\/wp-json\/wp\/v2\/product_cat?post=908"},{"taxonomy":"product_tag","embeddable":true,"href":"https:\/\/westgem.shop\/fr\/wp-json\/wp\/v2\/product_tag?post=908"}],"curies":[{"name":"wp","href":"https:\/\/api.w.org\/{rel}","templated":true}]}}