{"id":911,"date":"2000-06-04T00:00:00","date_gmt":"2000-06-04T00:00:00","guid":{"rendered":"https:\/\/miners.rocks\/product\/213\/"},"modified":"2020-05-19T16:56:24","modified_gmt":"2020-05-19T16:56:24","slug":"zircon-xx-madagascar","status":"publish","type":"product","link":"https:\/\/westgem.shop\/fr\/produit\/zircon-xx-madagascar\/","title":{"rendered":"ZIRKON xx - Madagascar"},"content":{"rendered":"<p>Les CIRCONES brunes sont \u00e9galement appel\u00e9es HYAZINTHE.<\/p>\n<p>Plusieurs couleurs visibles en UV _ LUMI\u00c8RE.<\/p>\n<p>Poids : 50 g Dimensions : 6,5 x 3,5 x 2 cm <\/p>","protected":false},"excerpt":{"rendered":"<p>Les CIRCONES brunes sont \u00e9galement appel\u00e9es HYAZINTHE. Plusieurs couleurs visibles en UV _ LUMI\u00c8RE. Poids : 50 g Dimensions : 6,5 x 3,5 x 2 cm<\/p>","protected":false},"featured_media":912,"template":"","meta":{"_acf_changed":false},"region":[],"product_brand":[],"product_cat":[15],"product_tag":[],"class_list":{"0":"post-911","1":"product","2":"type-product","3":"status-publish","4":"has-post-thumbnail","6":"product_cat-mineralien","8":"first","9":"outofstock","10":"sold-individually","11":"product-type-simple"},"acf":[],"_links":{"self":[{"href":"https:\/\/westgem.shop\/fr\/wp-json\/wp\/v2\/product\/911","targetHints":{"allow":["GET"]}}],"collection":[{"href":"https:\/\/westgem.shop\/fr\/wp-json\/wp\/v2\/product"}],"about":[{"href":"https:\/\/westgem.shop\/fr\/wp-json\/wp\/v2\/types\/product"}],"wp:featuredmedia":[{"embeddable":true,"href":"https:\/\/westgem.shop\/fr\/wp-json\/wp\/v2\/media\/912"}],"wp:attachment":[{"href":"https:\/\/westgem.shop\/fr\/wp-json\/wp\/v2\/media?parent=911"}],"wp:term":[{"taxonomy":"region","embeddable":true,"href":"https:\/\/westgem.shop\/fr\/wp-json\/wp\/v2\/region?post=911"},{"taxonomy":"product_brand","embeddable":true,"href":"https:\/\/westgem.shop\/fr\/wp-json\/wp\/v2\/product_brand?post=911"},{"taxonomy":"product_cat","embeddable":true,"href":"https:\/\/westgem.shop\/fr\/wp-json\/wp\/v2\/product_cat?post=911"},{"taxonomy":"product_tag","embeddable":true,"href":"https:\/\/westgem.shop\/fr\/wp-json\/wp\/v2\/product_tag?post=911"}],"curies":[{"name":"wp","href":"https:\/\/api.w.org\/{rel}","templated":true}]}}