{"id":914,"date":"2000-06-05T00:00:00","date_gmt":"2000-06-05T00:00:00","guid":{"rendered":"https:\/\/miners.rocks\/product\/214\/"},"modified":"2020-05-19T16:56:24","modified_gmt":"2020-05-19T16:56:24","slug":"pierre-damulette-sternachat","status":"publish","type":"product","link":"https:\/\/westgem.shop\/fr\/produit\/pierre-damulette-sternachat\/","title":{"rendered":"STERNACHAT - \"PIERRE D'AMULETTE\""},"content":{"rendered":"<p>Les pierres avec des dessins en forme d'\u00e9toile sont consid\u00e9r\u00e9es depuis l'Antiquit\u00e9 comme des \"pierres de protection\" sp\u00e9ciales ou des porte-bonheur.<\/p>\n<p>Ces ACHATES tub\u00e9reuses aux lignes color\u00e9es sont \u00e9galement appel\u00e9es THUNDEREGG (\u0153ufs de tonnerre). En Australie notamment, on trouve des ACHATES \u00c9TOILES d'une beaut\u00e9 exceptionnelle.<\/p>\n<p>Les ACHATES \u00c9TOIL\u00c9ES sont des roches volcaniques \u00e9panch\u00e9es, riches en quartz, dans les fissures de refroidissement desquelles s'est accumul\u00e9e de la CHALCEDONE tr\u00e8s fine.<\/p>\n<p>Poids : 38 g Dimensions : 4 x 3,5 x 2 cm<\/p>\n<p>localisation de la trouvaille : Queensland - Australie<\/p>","protected":false},"excerpt":{"rendered":"<p>Depuis l'Antiquit\u00e9, les pierres avec des dessins en forme d'\u00e9toile sont consid\u00e9r\u00e9es comme des \"pierres de protection\" ou des porte-bonheur. Ces ACHATES tub\u00e9reuses avec leurs lignes color\u00e9es sont \u00e9galement appel\u00e9es THUNDEREGG (\u0153ufs de tonnerre). En Australie notamment, on trouve des ACHATES \u00c9TOILES d'une beaut\u00e9 exceptionnelle. Les ACHATES \u00c9TOILES sont des roches volcaniques riches en quartz, dans les fissures de refroidissement desquelles s'est accumul\u00e9e la CHALCEDONE la plus fine. Poids [...]<\/p>","protected":false},"featured_media":915,"template":"","meta":{"_acf_changed":false},"region":[],"product_brand":[],"product_cat":[15],"product_tag":[],"class_list":{"0":"post-914","1":"product","2":"type-product","3":"status-publish","4":"has-post-thumbnail","6":"product_cat-mineralien","8":"first","9":"outofstock","10":"sold-individually","11":"product-type-simple"},"acf":[],"_links":{"self":[{"href":"https:\/\/westgem.shop\/fr\/wp-json\/wp\/v2\/product\/914","targetHints":{"allow":["GET"]}}],"collection":[{"href":"https:\/\/westgem.shop\/fr\/wp-json\/wp\/v2\/product"}],"about":[{"href":"https:\/\/westgem.shop\/fr\/wp-json\/wp\/v2\/types\/product"}],"wp:featuredmedia":[{"embeddable":true,"href":"https:\/\/westgem.shop\/fr\/wp-json\/wp\/v2\/media\/915"}],"wp:attachment":[{"href":"https:\/\/westgem.shop\/fr\/wp-json\/wp\/v2\/media?parent=914"}],"wp:term":[{"taxonomy":"region","embeddable":true,"href":"https:\/\/westgem.shop\/fr\/wp-json\/wp\/v2\/region?post=914"},{"taxonomy":"product_brand","embeddable":true,"href":"https:\/\/westgem.shop\/fr\/wp-json\/wp\/v2\/product_brand?post=914"},{"taxonomy":"product_cat","embeddable":true,"href":"https:\/\/westgem.shop\/fr\/wp-json\/wp\/v2\/product_cat?post=914"},{"taxonomy":"product_tag","embeddable":true,"href":"https:\/\/westgem.shop\/fr\/wp-json\/wp\/v2\/product_tag?post=914"}],"curies":[{"name":"wp","href":"https:\/\/api.w.org\/{rel}","templated":true}]}}