{"id":917,"date":"2000-06-06T00:00:00","date_gmt":"2000-06-06T00:00:00","guid":{"rendered":"https:\/\/miners.rocks\/product\/215\/"},"modified":"2020-05-19T16:56:24","modified_gmt":"2020-05-19T16:56:24","slug":"jaspe-francais-aa","status":"publish","type":"product","link":"https:\/\/westgem.shop\/fr\/produit\/jaspe-francais-aa\/","title":{"rendered":"Jaspe FRAN\u00c7AIS AA"},"content":{"rendered":"<p>Nous n'avions jamais vu un jaspe aussi beau auparavant.<\/p>\n<p>Les pierres sont polies de premi\u00e8re qualit\u00e9 et d'une intensit\u00e9 de couleur incroyable. La couleur est l\u00e9g\u00e8rement plus fonc\u00e9e sous une lumi\u00e8re normale.<\/p>\n<p>Le lieu exact de la d\u00e9couverte de la mati\u00e8re premi\u00e8re n'a malheureusement pas pu \u00eatre d\u00e9termin\u00e9 avec pr\u00e9cision, mais il se trouve dans la r\u00e9gion du Mt Blanc en France.<\/p>\n<p>Poids : 37 g Dimensions : 4 x 3,5 x 2,5 cm<\/p>","protected":false},"excerpt":{"rendered":"<p>Nous n'avions encore jamais vu un jaspe aussi beau. Les pierres sont polies avec soin et leur couleur est d'une intensit\u00e9 incroyable, un peu plus fonc\u00e9e \u00e0 la lumi\u00e8re normale. Le lieu exact de la d\u00e9couverte de la mati\u00e8re premi\u00e8re n'a malheureusement pas pu \u00eatre d\u00e9termin\u00e9 avec pr\u00e9cision, mais il se trouve dans la r\u00e9gion du Mt Blanc en France. Poids : 37 g Dimensions : 4 [...]<\/p>","protected":false},"featured_media":918,"template":"","meta":{"_acf_changed":false},"region":[],"product_brand":[],"product_cat":[15],"product_tag":[],"class_list":{"0":"post-917","1":"product","2":"type-product","3":"status-publish","4":"has-post-thumbnail","6":"product_cat-mineralien","8":"first","9":"outofstock","10":"sold-individually","11":"product-type-simple"},"acf":[],"_links":{"self":[{"href":"https:\/\/westgem.shop\/fr\/wp-json\/wp\/v2\/product\/917","targetHints":{"allow":["GET"]}}],"collection":[{"href":"https:\/\/westgem.shop\/fr\/wp-json\/wp\/v2\/product"}],"about":[{"href":"https:\/\/westgem.shop\/fr\/wp-json\/wp\/v2\/types\/product"}],"wp:featuredmedia":[{"embeddable":true,"href":"https:\/\/westgem.shop\/fr\/wp-json\/wp\/v2\/media\/918"}],"wp:attachment":[{"href":"https:\/\/westgem.shop\/fr\/wp-json\/wp\/v2\/media?parent=917"}],"wp:term":[{"taxonomy":"region","embeddable":true,"href":"https:\/\/westgem.shop\/fr\/wp-json\/wp\/v2\/region?post=917"},{"taxonomy":"product_brand","embeddable":true,"href":"https:\/\/westgem.shop\/fr\/wp-json\/wp\/v2\/product_brand?post=917"},{"taxonomy":"product_cat","embeddable":true,"href":"https:\/\/westgem.shop\/fr\/wp-json\/wp\/v2\/product_cat?post=917"},{"taxonomy":"product_tag","embeddable":true,"href":"https:\/\/westgem.shop\/fr\/wp-json\/wp\/v2\/product_tag?post=917"}],"curies":[{"name":"wp","href":"https:\/\/api.w.org\/{rel}","templated":true}]}}