{"id":921,"date":"2000-06-07T00:00:00","date_gmt":"2000-06-07T00:00:00","guid":{"rendered":"https:\/\/miners.rocks\/product\/216\/"},"modified":"2020-05-19T16:56:25","modified_gmt":"2020-05-19T16:56:25","slug":"mugglestone-aa","status":"publish","type":"product","link":"https:\/\/westgem.shop\/fr\/produit\/mugglestone-aa\/","title":{"rendered":"MUGGLESTONE AA"},"content":{"rendered":"<p>La magn\u00e9tite (MINERAIS DE FER) et le jaspe sont associ\u00e9s pour donner cette pierre pr\u00e9cieuse tr\u00e8s attrayante \u00e0 l'\u00e9tat poli.<\/p>\n<p>Le lieu de d\u00e9couverte de la mati\u00e8re premi\u00e8re est le NORD-OUEST - Australie<\/p>\n<p>Poids : 50 g Dimensions : 3 x 3 x 2 cm<\/p>","protected":false},"excerpt":{"rendered":"<p>La magn\u00e9tite (MINERAIS DE FER) et le jaspe se m\u00e9langent pour donner cette pierre pr\u00e9cieuse tr\u00e8s attrayante \u00e0 l'\u00e9tat poli. La mati\u00e8re premi\u00e8re a \u00e9t\u00e9 trouv\u00e9e dans le NORD-OUEST de l'Australie. Poids : 50 g. Dimensions : 3 x 3 x 2 cm.<\/p>","protected":false},"featured_media":922,"template":"","meta":{"_acf_changed":false},"region":[],"product_brand":[],"product_cat":[15],"product_tag":[],"class_list":{"0":"post-921","1":"product","2":"type-product","3":"status-publish","4":"has-post-thumbnail","6":"product_cat-mineralien","8":"first","9":"outofstock","10":"sold-individually","11":"product-type-simple"},"acf":[],"_links":{"self":[{"href":"https:\/\/westgem.shop\/fr\/wp-json\/wp\/v2\/product\/921","targetHints":{"allow":["GET"]}}],"collection":[{"href":"https:\/\/westgem.shop\/fr\/wp-json\/wp\/v2\/product"}],"about":[{"href":"https:\/\/westgem.shop\/fr\/wp-json\/wp\/v2\/types\/product"}],"wp:featuredmedia":[{"embeddable":true,"href":"https:\/\/westgem.shop\/fr\/wp-json\/wp\/v2\/media\/922"}],"wp:attachment":[{"href":"https:\/\/westgem.shop\/fr\/wp-json\/wp\/v2\/media?parent=921"}],"wp:term":[{"taxonomy":"region","embeddable":true,"href":"https:\/\/westgem.shop\/fr\/wp-json\/wp\/v2\/region?post=921"},{"taxonomy":"product_brand","embeddable":true,"href":"https:\/\/westgem.shop\/fr\/wp-json\/wp\/v2\/product_brand?post=921"},{"taxonomy":"product_cat","embeddable":true,"href":"https:\/\/westgem.shop\/fr\/wp-json\/wp\/v2\/product_cat?post=921"},{"taxonomy":"product_tag","embeddable":true,"href":"https:\/\/westgem.shop\/fr\/wp-json\/wp\/v2\/product_tag?post=921"}],"curies":[{"name":"wp","href":"https:\/\/api.w.org\/{rel}","templated":true}]}}