{"id":925,"date":"2000-06-08T00:00:00","date_gmt":"2000-06-08T00:00:00","guid":{"rendered":"https:\/\/miners.rocks\/product\/217\/"},"modified":"2020-05-19T16:56:25","modified_gmt":"2020-05-19T16:56:25","slug":"fer-de-tigre-brut-de-deco","status":"publish","type":"product","link":"https:\/\/westgem.shop\/fr\/produit\/fer-de-tigre-brut-de-deco\/","title":{"rendered":"Fer \u00e0 tisser - COSTUME BRUITE"},"content":{"rendered":"<p>Grande pi\u00e8ce attractive avec \u0153il de tigre tr\u00e8s brillant - ADERN en jaspe brun avec des couches de magn\u00e9tite FER.<\/p>\n<p>La mati\u00e8re premi\u00e8re est extraite de la mine de fer Bandet \u00e0 Griqualand, en Afrique du Sud.<\/p>\n<p>Le mat\u00e9riau est \u00e9galement tr\u00e8s facile \u00e0 poncer et \u00e0 polir.<\/p>\n<p>Le poids de cette pi\u00e8ce est de 3 kilogrammes.  Dimensions : 19 x 18 x 7 cm<\/p>","protected":false},"excerpt":{"rendered":"<p>Grande pi\u00e8ce attractive avec de l'\u0153il de tigre - ADERN tr\u00e8s brillant dans du jaspe brun avec des couches de magn\u00e9tite FER. La mati\u00e8re premi\u00e8re a \u00e9t\u00e9 trouv\u00e9e dans la mine de fer Bandet \u00e0 Griqualand\/Afrique du Sud. Le mat\u00e9riau est \u00e9galement tr\u00e8s facile \u00e0 tailler et \u00e0 polir. Le poids de cette pi\u00e8ce est de 3 kg. Dimensions : 19 x 18 x 7 cm<\/p>","protected":false},"featured_media":926,"template":"","meta":{"_acf_changed":false},"region":[],"product_brand":[],"product_cat":[15],"product_tag":[],"class_list":{"0":"post-925","1":"product","2":"type-product","3":"status-publish","4":"has-post-thumbnail","6":"product_cat-mineralien","8":"first","9":"outofstock","10":"sold-individually","11":"product-type-simple"},"acf":[],"_links":{"self":[{"href":"https:\/\/westgem.shop\/fr\/wp-json\/wp\/v2\/product\/925","targetHints":{"allow":["GET"]}}],"collection":[{"href":"https:\/\/westgem.shop\/fr\/wp-json\/wp\/v2\/product"}],"about":[{"href":"https:\/\/westgem.shop\/fr\/wp-json\/wp\/v2\/types\/product"}],"wp:featuredmedia":[{"embeddable":true,"href":"https:\/\/westgem.shop\/fr\/wp-json\/wp\/v2\/media\/926"}],"wp:attachment":[{"href":"https:\/\/westgem.shop\/fr\/wp-json\/wp\/v2\/media?parent=925"}],"wp:term":[{"taxonomy":"region","embeddable":true,"href":"https:\/\/westgem.shop\/fr\/wp-json\/wp\/v2\/region?post=925"},{"taxonomy":"product_brand","embeddable":true,"href":"https:\/\/westgem.shop\/fr\/wp-json\/wp\/v2\/product_brand?post=925"},{"taxonomy":"product_cat","embeddable":true,"href":"https:\/\/westgem.shop\/fr\/wp-json\/wp\/v2\/product_cat?post=925"},{"taxonomy":"product_tag","embeddable":true,"href":"https:\/\/westgem.shop\/fr\/wp-json\/wp\/v2\/product_tag?post=925"}],"curies":[{"name":"wp","href":"https:\/\/api.w.org\/{rel}","templated":true}]}}