{"id":929,"date":"2000-06-09T00:00:00","date_gmt":"2000-06-09T00:00:00","guid":{"rendered":"https:\/\/miners.rocks\/product\/218\/"},"modified":"2020-05-19T16:56:26","modified_gmt":"2020-05-19T16:56:26","slug":"baryt-xx-zinc-bleiberg","status":"publish","type":"product","link":"https:\/\/westgem.shop\/fr\/produit\/baryt-xx-zinc-bleiberg\/","title":{"rendered":"BARYT xx ZINK - BLEIBERG"},"content":{"rendered":"<p>Belle BARYT - tubes blancs sur ZINKBLENDE provenant de l'ancienne BLEI et ZINKABAU de BLEIBERG\/KREUTH :<\/p>\n<p>\u00c0 BLEIBERG, on a extrait du BLEI et du ZINC pendant plus de 700 ans.<\/p>\n<p> 1.300 galeries d'une longueur d'environ 1.200 kilom\u00e8tres jusqu'\u00e0 une profondeur de 850 m\u00e8tres t\u00e9moignent d'un r\u00e9seau minier aux dimensions tr\u00e8s remarquables.<\/p>\n<p>Poids de la marche : 1,20 kg Dimensions : 15 x 13 x 8 cm<\/p>","protected":false},"excerpt":{"rendered":"<p>Belles gaines blanches en baryte sur feuille d'\u00e9tain provenant de l'ancienne exploitation de plomb et de zinc de BLEIBERG\/KREUTH : A BLEIBERG, on a exploit\u00e9 le plomb et le zinc pendant plus de 700 ans. 1.300 galeries d'une longueur d'environ 1.200 kilom\u00e8tres jusqu'\u00e0 une profondeur de 850 m\u00e8tres t\u00e9moignent d'un secteur minier aux dimensions tr\u00e8s consid\u00e9rables. Poids de la marche : 1,20 kg Dimensions : 15 x 13 [...]<\/p>","protected":false},"featured_media":930,"template":"","meta":{"_acf_changed":false},"region":[],"product_brand":[],"product_cat":[15],"product_tag":[],"class_list":{"0":"post-929","1":"product","2":"type-product","3":"status-publish","4":"has-post-thumbnail","6":"product_cat-mineralien","8":"first","9":"outofstock","10":"sold-individually","11":"product-type-simple"},"acf":[],"_links":{"self":[{"href":"https:\/\/westgem.shop\/fr\/wp-json\/wp\/v2\/product\/929","targetHints":{"allow":["GET"]}}],"collection":[{"href":"https:\/\/westgem.shop\/fr\/wp-json\/wp\/v2\/product"}],"about":[{"href":"https:\/\/westgem.shop\/fr\/wp-json\/wp\/v2\/types\/product"}],"wp:featuredmedia":[{"embeddable":true,"href":"https:\/\/westgem.shop\/fr\/wp-json\/wp\/v2\/media\/930"}],"wp:attachment":[{"href":"https:\/\/westgem.shop\/fr\/wp-json\/wp\/v2\/media?parent=929"}],"wp:term":[{"taxonomy":"region","embeddable":true,"href":"https:\/\/westgem.shop\/fr\/wp-json\/wp\/v2\/region?post=929"},{"taxonomy":"product_brand","embeddable":true,"href":"https:\/\/westgem.shop\/fr\/wp-json\/wp\/v2\/product_brand?post=929"},{"taxonomy":"product_cat","embeddable":true,"href":"https:\/\/westgem.shop\/fr\/wp-json\/wp\/v2\/product_cat?post=929"},{"taxonomy":"product_tag","embeddable":true,"href":"https:\/\/westgem.shop\/fr\/wp-json\/wp\/v2\/product_tag?post=929"}],"curies":[{"name":"wp","href":"https:\/\/api.w.org\/{rel}","templated":true}]}}