{"id":933,"date":"2000-06-10T00:00:00","date_gmt":"2000-06-10T00:00:00","guid":{"rendered":"https:\/\/miners.rocks\/product\/219\/"},"modified":"2020-05-19T16:56:26","modified_gmt":"2020-05-19T16:56:26","slug":"mookait-australie","status":"publish","type":"product","link":"https:\/\/westgem.shop\/fr\/produit\/mookait-australie\/","title":{"rendered":"Mookait - Australie"},"content":{"rendered":"<p>La mooka\u00efte est un m\u00e9lange de min\u00e9raux compos\u00e9 de CHALCEDONE - PIERRE et d'OPALITE.<\/p>\n<p>Le nom vient du lieu de d\u00e9couverte : MOOKA CREEK . Dans la langue des aborig\u00e8nes australiens, \"MOOKA\" signifie \"eau courante\". Dans cette r\u00e9gion, il y a de nombreuses sources d'eau douce - elles sont rares dans l'OUTBACK, connu pour \u00eatre extr\u00eamement sec.<\/p>\n<p>Le seul site au monde pour la mooka\u00efte se trouve \u00e0 environ 1.000 km de la capitale de l'Australie occidentale, PERTH.<\/p>\n<p><u>Kennedy Ranges - Gascoyne Junction<\/u><\/p>\n<p>Il est prouv\u00e9 que ce mat\u00e9riel a plus d'un MILLIARDE d'ann\u00e9es. <\/p>\n<p>Pi\u00e8ce brute de premi\u00e8re qualit\u00e9 :poids<u>1,10 kilogramme<\/u>    Dimensions : 22 x 10 x 7 cm<\/p>\n<p>L'image 4 est la face inf\u00e9rieure.<\/p>","protected":false},"excerpt":{"rendered":"<p>La mooka\u00efte est un m\u00e9lange de CHALCEDONE - PIERRE et d'OPALITE. Son nom provient du lieu o\u00f9 elle a \u00e9t\u00e9 trouv\u00e9e : MOOKA CREEK. Dans la langue des aborig\u00e8nes australiens, \"MOOKA\" signifie \"eau courante\". Dans cette r\u00e9gion, il y a plusieurs sources d'eau douce - elles sont rares dans l'OUTBACK, connu pour \u00eatre extr\u00eamement sec. Le seul site au monde [...].<\/p>","protected":false},"featured_media":934,"template":"","meta":{"_acf_changed":false},"region":[],"product_brand":[],"product_cat":[15],"product_tag":[],"class_list":{"0":"post-933","1":"product","2":"type-product","3":"status-publish","4":"has-post-thumbnail","6":"product_cat-mineralien","8":"first","9":"outofstock","10":"sold-individually","11":"product-type-simple"},"acf":[],"_links":{"self":[{"href":"https:\/\/westgem.shop\/fr\/wp-json\/wp\/v2\/product\/933","targetHints":{"allow":["GET"]}}],"collection":[{"href":"https:\/\/westgem.shop\/fr\/wp-json\/wp\/v2\/product"}],"about":[{"href":"https:\/\/westgem.shop\/fr\/wp-json\/wp\/v2\/types\/product"}],"wp:featuredmedia":[{"embeddable":true,"href":"https:\/\/westgem.shop\/fr\/wp-json\/wp\/v2\/media\/934"}],"wp:attachment":[{"href":"https:\/\/westgem.shop\/fr\/wp-json\/wp\/v2\/media?parent=933"}],"wp:term":[{"taxonomy":"region","embeddable":true,"href":"https:\/\/westgem.shop\/fr\/wp-json\/wp\/v2\/region?post=933"},{"taxonomy":"product_brand","embeddable":true,"href":"https:\/\/westgem.shop\/fr\/wp-json\/wp\/v2\/product_brand?post=933"},{"taxonomy":"product_cat","embeddable":true,"href":"https:\/\/westgem.shop\/fr\/wp-json\/wp\/v2\/product_cat?post=933"},{"taxonomy":"product_tag","embeddable":true,"href":"https:\/\/westgem.shop\/fr\/wp-json\/wp\/v2\/product_tag?post=933"}],"curies":[{"name":"wp","href":"https:\/\/api.w.org\/{rel}","templated":true}]}}