{"id":938,"date":"2000-06-11T00:00:00","date_gmt":"2000-06-11T00:00:00","guid":{"rendered":"https:\/\/miners.rocks\/product\/220\/"},"modified":"2020-05-19T16:56:27","modified_gmt":"2020-05-19T16:56:27","slug":"mookait-australie-2","status":"publish","type":"product","link":"https:\/\/westgem.shop\/fr\/produit\/mookait-australie-2\/","title":{"rendered":"Mookait - Australie"},"content":{"rendered":"<p>Mooka\u00efte brute avec des structures de couleur int\u00e9ressantes.<\/p>\n<p>Le mat\u00e9riel est tr\u00e8s ancien : plus de 1 MILLIARDE D'ANS .<\/p>\n<p>Dur - cassure concho\u00efdale - tr\u00e8s facile \u00e0 poncer et \u00e0 polir.<\/p>\n<p>Poids : 770 g Dimensions:14 x 10 x 6 cm<\/p>","protected":false},"excerpt":{"rendered":"<p>Mooka\u00efte brute avec des structures de couleur int\u00e9ressantes. Le mat\u00e9riau est tr\u00e8s ancien : plus de 1 MILLIARDE D'ANS. Dure - cassure concho\u00efdale - tr\u00e8s facile \u00e0 tailler et \u00e0 polir. Poids : 770 g Dimensions : 14 x 10 x 6 cm<\/p>","protected":false},"featured_media":939,"template":"","meta":{"_acf_changed":false},"region":[],"product_brand":[],"product_cat":[15],"product_tag":[],"class_list":{"0":"post-938","1":"product","2":"type-product","3":"status-publish","4":"has-post-thumbnail","6":"product_cat-mineralien","8":"first","9":"outofstock","10":"sold-individually","11":"product-type-simple"},"acf":[],"_links":{"self":[{"href":"https:\/\/westgem.shop\/fr\/wp-json\/wp\/v2\/product\/938","targetHints":{"allow":["GET"]}}],"collection":[{"href":"https:\/\/westgem.shop\/fr\/wp-json\/wp\/v2\/product"}],"about":[{"href":"https:\/\/westgem.shop\/fr\/wp-json\/wp\/v2\/types\/product"}],"wp:featuredmedia":[{"embeddable":true,"href":"https:\/\/westgem.shop\/fr\/wp-json\/wp\/v2\/media\/939"}],"wp:attachment":[{"href":"https:\/\/westgem.shop\/fr\/wp-json\/wp\/v2\/media?parent=938"}],"wp:term":[{"taxonomy":"region","embeddable":true,"href":"https:\/\/westgem.shop\/fr\/wp-json\/wp\/v2\/region?post=938"},{"taxonomy":"product_brand","embeddable":true,"href":"https:\/\/westgem.shop\/fr\/wp-json\/wp\/v2\/product_brand?post=938"},{"taxonomy":"product_cat","embeddable":true,"href":"https:\/\/westgem.shop\/fr\/wp-json\/wp\/v2\/product_cat?post=938"},{"taxonomy":"product_tag","embeddable":true,"href":"https:\/\/westgem.shop\/fr\/wp-json\/wp\/v2\/product_tag?post=938"}],"curies":[{"name":"wp","href":"https:\/\/api.w.org\/{rel}","templated":true}]}}