{"id":942,"date":"2000-06-12T00:00:00","date_gmt":"2000-06-12T00:00:00","guid":{"rendered":"https:\/\/miners.rocks\/product\/221\/"},"modified":"2020-05-19T16:56:27","modified_gmt":"2020-05-19T16:56:27","slug":"collier-en-opale-boulder","status":"publish","type":"product","link":"https:\/\/westgem.shop\/fr\/produit\/collier-en-opale-boulder\/","title":{"rendered":"COLLIER OPALE BOULDER"},"content":{"rendered":"<p>BOULDER - OPAL australien sur sept - cordes en ACIER INOXYDABLE d\u00e9coup\u00e9es au laser avec mousqueton FERMETURE ARGENT.<\/p>\n<p>Le ROHOPAL provient des CHAMPS D'OPAL du Queensland en Australie. Le pendentif a \u00e9t\u00e9 taill\u00e9 et poli en IDAR OBERSTEIN avec un diamant. La pierre pr\u00e9sente parfois un \"OPAL FIRE\" vert intense (grande photo - au milieu \u00e0 droite).<\/p>\n<p>Les c\u00e2bles en acier inoxydable et le fermoir proviennent de Pforzheim\/Allemagne .<\/p>\n<p>Ce collier est une pi\u00e8ce unique. Nous livrons dans un \u00e9tui cadeau et un certificat d'authenticit\u00e9.<\/p>\n<p>Longueur du collier : 45 cm PierreDimensions : 3.5 x 2.5 x 0,7 cm<\/p>","protected":false},"excerpt":{"rendered":"<p>BOULDER - OPAL australien sur sept - cordes en acier inoxydable d\u00e9coup\u00e9es au laser avec mousqueton FERMETURE ARGENT. L'OPAL brut provient des CHAMPS D'OPAL du Queensland en Australie. Le pendentif a \u00e9t\u00e9 taill\u00e9 et poli en IDAR OBERSTEIN avec un diamant. La pierre montre parfois un \"OPAL FIRE\" vert intense ( Grande photo - milieu \u00e0 droite) Les c\u00e2bles en acier inoxydable et le fermoir proviennent [...].<\/p>","protected":false},"featured_media":943,"template":"","meta":{"_acf_changed":false},"region":[],"product_brand":[],"product_cat":[15],"product_tag":[],"class_list":{"0":"post-942","1":"product","2":"type-product","3":"status-publish","4":"has-post-thumbnail","6":"product_cat-mineralien","8":"first","9":"outofstock","10":"sold-individually","11":"product-type-simple"},"acf":[],"_links":{"self":[{"href":"https:\/\/westgem.shop\/fr\/wp-json\/wp\/v2\/product\/942","targetHints":{"allow":["GET"]}}],"collection":[{"href":"https:\/\/westgem.shop\/fr\/wp-json\/wp\/v2\/product"}],"about":[{"href":"https:\/\/westgem.shop\/fr\/wp-json\/wp\/v2\/types\/product"}],"wp:featuredmedia":[{"embeddable":true,"href":"https:\/\/westgem.shop\/fr\/wp-json\/wp\/v2\/media\/943"}],"wp:attachment":[{"href":"https:\/\/westgem.shop\/fr\/wp-json\/wp\/v2\/media?parent=942"}],"wp:term":[{"taxonomy":"region","embeddable":true,"href":"https:\/\/westgem.shop\/fr\/wp-json\/wp\/v2\/region?post=942"},{"taxonomy":"product_brand","embeddable":true,"href":"https:\/\/westgem.shop\/fr\/wp-json\/wp\/v2\/product_brand?post=942"},{"taxonomy":"product_cat","embeddable":true,"href":"https:\/\/westgem.shop\/fr\/wp-json\/wp\/v2\/product_cat?post=942"},{"taxonomy":"product_tag","embeddable":true,"href":"https:\/\/westgem.shop\/fr\/wp-json\/wp\/v2\/product_tag?post=942"}],"curies":[{"name":"wp","href":"https:\/\/api.w.org\/{rel}","templated":true}]}}