{"id":945,"date":"2000-06-13T00:00:00","date_gmt":"2000-06-13T00:00:00","guid":{"rendered":"https:\/\/miners.rocks\/product\/222\/"},"modified":"2020-05-19T16:56:28","modified_gmt":"2020-05-19T16:56:28","slug":"topaze-noble-aaa","status":"publish","type":"product","link":"https:\/\/westgem.shop\/fr\/produit\/topaze-noble-aaa\/","title":{"rendered":"EDELTOPAS AAA"},"content":{"rendered":"<p>EDELTOPAS taille baroque qualit\u00e9 AAA couleur naturelle - NON irradi\u00e9 .<\/p>\n<p>Nous devons le mentionner car les OPASE BLEUES utilis\u00e9es comme pierres pr\u00e9cieuses sont g\u00e9n\u00e9ralement irradi\u00e9es de mani\u00e8re radioactive pour obtenir une belle couleur bleue. Il existe les variantes \"Sky Blue\", \"London Blue\" et \"Swiss Blue\", qui rendent les TOPASE blanches (disponibles en grandes quantit\u00e9s) bleues.<\/p>\n<p>La TOPASE EDELLE BLEUE de couleur naturelle ne s'appelle pas \" TOPASE BLEUE \" mais TOPAS BLEUE ou TOPAS , BLEU. Une petite diff\u00e9rence qu'il faut tout de m\u00eame savoir.<\/p>\n<p>Notre TOPAS bleu naturel provient des sites du plateau de Jos au Nigeria.<\/p>\n<p>Poids : 19,5 g Dimensions : 2,2 x 2,6 x 2 cm<\/p>","protected":false},"excerpt":{"rendered":"<p>EDELTOPAS taille baroque qualit\u00e9 AAA couleur naturelle - NON irradi\u00e9e. Nous devons le pr\u00e9ciser, car les OPASE BLEUES utilis\u00e9es comme pierres pr\u00e9cieuses sont g\u00e9n\u00e9ralement irradi\u00e9es de mani\u00e8re radioactive pour obtenir une superbe couleur bleue. Il existe alors les variantes \"Sky Blue\", \"London Blue\" et \"Swiss Blue\". L'irradiation rend les pierres autrement blanches [...].<\/p>","protected":false},"featured_media":946,"template":"","meta":{"_acf_changed":false},"region":[],"product_brand":[],"product_cat":[15],"product_tag":[],"class_list":{"0":"post-945","1":"product","2":"type-product","3":"status-publish","4":"has-post-thumbnail","6":"product_cat-mineralien","8":"first","9":"outofstock","10":"sold-individually","11":"product-type-simple"},"acf":[],"_links":{"self":[{"href":"https:\/\/westgem.shop\/fr\/wp-json\/wp\/v2\/product\/945","targetHints":{"allow":["GET"]}}],"collection":[{"href":"https:\/\/westgem.shop\/fr\/wp-json\/wp\/v2\/product"}],"about":[{"href":"https:\/\/westgem.shop\/fr\/wp-json\/wp\/v2\/types\/product"}],"wp:featuredmedia":[{"embeddable":true,"href":"https:\/\/westgem.shop\/fr\/wp-json\/wp\/v2\/media\/946"}],"wp:attachment":[{"href":"https:\/\/westgem.shop\/fr\/wp-json\/wp\/v2\/media?parent=945"}],"wp:term":[{"taxonomy":"region","embeddable":true,"href":"https:\/\/westgem.shop\/fr\/wp-json\/wp\/v2\/region?post=945"},{"taxonomy":"product_brand","embeddable":true,"href":"https:\/\/westgem.shop\/fr\/wp-json\/wp\/v2\/product_brand?post=945"},{"taxonomy":"product_cat","embeddable":true,"href":"https:\/\/westgem.shop\/fr\/wp-json\/wp\/v2\/product_cat?post=945"},{"taxonomy":"product_tag","embeddable":true,"href":"https:\/\/westgem.shop\/fr\/wp-json\/wp\/v2\/product_tag?post=945"}],"curies":[{"name":"wp","href":"https:\/\/api.w.org\/{rel}","templated":true}]}}