{"id":947,"date":"2000-06-14T00:00:00","date_gmt":"2000-06-14T00:00:00","guid":{"rendered":"https:\/\/miners.rocks\/product\/223\/"},"modified":"2020-05-19T16:56:28","modified_gmt":"2020-05-19T16:56:28","slug":"smaragdit-saualpe","status":"publish","type":"product","link":"https:\/\/westgem.shop\/fr\/produit\/smaragdit-saualpe\/","title":{"rendered":"\" SMARAGDIT\" Saualpe"},"content":{"rendered":"<p>ACTINOLITE rayonnante dont la couleur verte est due au CHROME, d'o\u00f9 son nom de \"SMARAGDIT\".<\/p>\n<p>En Carinthie, on le trouve principalement dans la partie arri\u00e8re du Thisseggergraben, tr\u00e8s escarp\u00e9, sur la Saualpe.<\/p>\n<p>Poids : 245 g Dimensions : 8 x 5 x 4 cm<\/p>","protected":false},"excerpt":{"rendered":"<p>ACTINOLITE rayonnante dont la couleur verte est due au CHROME, d'o\u00f9 son nom de \"SMARAGDITE\". En Carinthie, on la trouve principalement dans le Thisseggergraben arri\u00e8re, tr\u00e8s escarp\u00e9, sur la Saualpe. Poids : 245 g Dimensions : 8 x 5 x 4 cm<\/p>","protected":false},"featured_media":948,"template":"","meta":{"_acf_changed":false},"region":[],"product_brand":[],"product_cat":[15],"product_tag":[],"class_list":{"0":"post-947","1":"product","2":"type-product","3":"status-publish","4":"has-post-thumbnail","6":"product_cat-mineralien","8":"first","9":"outofstock","10":"sold-individually","11":"product-type-simple"},"acf":[],"_links":{"self":[{"href":"https:\/\/westgem.shop\/fr\/wp-json\/wp\/v2\/product\/947","targetHints":{"allow":["GET"]}}],"collection":[{"href":"https:\/\/westgem.shop\/fr\/wp-json\/wp\/v2\/product"}],"about":[{"href":"https:\/\/westgem.shop\/fr\/wp-json\/wp\/v2\/types\/product"}],"wp:featuredmedia":[{"embeddable":true,"href":"https:\/\/westgem.shop\/fr\/wp-json\/wp\/v2\/media\/948"}],"wp:attachment":[{"href":"https:\/\/westgem.shop\/fr\/wp-json\/wp\/v2\/media?parent=947"}],"wp:term":[{"taxonomy":"region","embeddable":true,"href":"https:\/\/westgem.shop\/fr\/wp-json\/wp\/v2\/region?post=947"},{"taxonomy":"product_brand","embeddable":true,"href":"https:\/\/westgem.shop\/fr\/wp-json\/wp\/v2\/product_brand?post=947"},{"taxonomy":"product_cat","embeddable":true,"href":"https:\/\/westgem.shop\/fr\/wp-json\/wp\/v2\/product_cat?post=947"},{"taxonomy":"product_tag","embeddable":true,"href":"https:\/\/westgem.shop\/fr\/wp-json\/wp\/v2\/product_tag?post=947"}],"curies":[{"name":"wp","href":"https:\/\/api.w.org\/{rel}","templated":true}]}}