{"id":950,"date":"2000-06-15T00:00:00","date_gmt":"2000-06-15T00:00:00","guid":{"rendered":"https:\/\/miners.rocks\/product\/224\/"},"modified":"2020-05-19T16:56:28","modified_gmt":"2020-05-19T16:56:28","slug":"topraritaet-marbre-coquillage-bleiberg","status":"publish","type":"product","link":"https:\/\/westgem.shop\/fr\/produit\/topraritaet-marbre-coquillage-bleiberg\/","title":{"rendered":"RARET\u00c9 SUPR\u00caME - MARBRE COQUILLAGE\/BLEIBERG"},"content":{"rendered":"<p>Le MUSCHELMARMAR a \u00e9t\u00e9 d\u00e9couvert \u00e0 BLEIBERG en 1780 et d\u00e9crit comme HELMINTOLITH par le c\u00e9l\u00e8bre min\u00e9ralogiste et naturaliste Baron Franz Xaver von WULFEN - (qui a donn\u00e9 son nom au min\u00e9ral WULFENIT et \u00e0 une fleur rare qui ne pousse que dans l'Himalaya et au Nassfeld en Carinthie - la WULFENIA ). WULFEN a \u00e9galement appel\u00e9 ce MARBRE DE MUSCULES OPALISANT \" Helmintolite \u00e0 queue de paon de Carinthie \".<\/p>\n<p>Des objets d'art et des bijoux ont \u00e9t\u00e9 fabriqu\u00e9s \u00e0 partir de ces mat\u00e9riaux - un plateau de table a \u00e9t\u00e9 livr\u00e9 \u00e0 la cour du tsar de Russie.<\/p>\n<p>Trois ans apr\u00e8s la premi\u00e8re d\u00e9couverte, en 1780, le gisement \u00e9tait d\u00e9j\u00e0 \u00e9puis\u00e9.<\/p>\n<p>Oswaldistollen dans le vaste BLEI et ZINK BERGBAUREVER de BLEIBERG\/KREUTH .<\/p>\n<p>Poids : 600 g.  Dimensions : 10 x 9 x 4 cm<\/p>","protected":false},"excerpt":{"rendered":"<p>Le MUSCHELMARMAR a \u00e9t\u00e9 d\u00e9couvert \u00e0 BLEIBERG en 1780 et d\u00e9crit comme HELMINTOLITH par le c\u00e9l\u00e8bre min\u00e9ralogiste et naturaliste Baron Franz Xaver von WULFEN - (qui a donn\u00e9 son nom au min\u00e9ral WULFENIT et \u00e0 une fleur rare qui ne pousse que dans l'Himalaya et sur le Nassfeld en Carinthie - la WULFENIA). WULFEN a \u00e9galement qualifi\u00e9 ce MARBRE DE MUSCULES OPALISANT de \" Carinthien [...].<\/p>","protected":false},"featured_media":951,"template":"","meta":{"_acf_changed":false},"region":[],"product_brand":[],"product_cat":[15],"product_tag":[],"class_list":{"0":"post-950","1":"product","2":"type-product","3":"status-publish","4":"has-post-thumbnail","6":"product_cat-mineralien","8":"first","9":"outofstock","10":"sold-individually","11":"product-type-simple"},"acf":[],"_links":{"self":[{"href":"https:\/\/westgem.shop\/fr\/wp-json\/wp\/v2\/product\/950","targetHints":{"allow":["GET"]}}],"collection":[{"href":"https:\/\/westgem.shop\/fr\/wp-json\/wp\/v2\/product"}],"about":[{"href":"https:\/\/westgem.shop\/fr\/wp-json\/wp\/v2\/types\/product"}],"wp:featuredmedia":[{"embeddable":true,"href":"https:\/\/westgem.shop\/fr\/wp-json\/wp\/v2\/media\/951"}],"wp:attachment":[{"href":"https:\/\/westgem.shop\/fr\/wp-json\/wp\/v2\/media?parent=950"}],"wp:term":[{"taxonomy":"region","embeddable":true,"href":"https:\/\/westgem.shop\/fr\/wp-json\/wp\/v2\/region?post=950"},{"taxonomy":"product_brand","embeddable":true,"href":"https:\/\/westgem.shop\/fr\/wp-json\/wp\/v2\/product_brand?post=950"},{"taxonomy":"product_cat","embeddable":true,"href":"https:\/\/westgem.shop\/fr\/wp-json\/wp\/v2\/product_cat?post=950"},{"taxonomy":"product_tag","embeddable":true,"href":"https:\/\/westgem.shop\/fr\/wp-json\/wp\/v2\/product_tag?post=950"}],"curies":[{"name":"wp","href":"https:\/\/api.w.org\/{rel}","templated":true}]}}