{"id":954,"date":"2000-06-16T00:00:00","date_gmt":"2000-06-16T00:00:00","guid":{"rendered":"https:\/\/miners.rocks\/product\/225\/"},"modified":"2020-05-19T16:56:29","modified_gmt":"2020-05-19T16:56:29","slug":"panneau-de-coque-poli","status":"publish","type":"product","link":"https:\/\/westgem.shop\/fr\/produit\/panneau-de-coque-poli\/","title":{"rendered":"BORD DE COUPE - Poli"},"content":{"rendered":"<p>L'ACCUMULATEUR DE COQUILLAGE est un agr\u00e9gat de fibres fines avec des couches altern\u00e9es d'ACCUMULATEUR DE TINCE - WURZIT et de BLEIGLANZ .<\/p>\n<p>Les BILLENS D'\u00c9CHELLE ont \u00e9t\u00e9 trouv\u00e9s \u00e0 BLEIBERG, principalement dans la mine Max. Cette pi\u00e8ce est polie d'un c\u00f4t\u00e9 pour faire ressortir les belles structures. La photo 3 montre le verso naturel.<\/p>\n<p>Poids : 160 g Dimensions : 8,5 x 5 x 3 cm<\/p>","protected":false},"excerpt":{"rendered":"<p>Les BLENDES DE CUISSON sont des agr\u00e9gats de fibres fines avec des couches altern\u00e9es de BLENDES DE ZINC, de WURZIT et de BLEIGLANZ. La BULLE DE CUIR a \u00e9t\u00e9 trouv\u00e9e \u00e0 BLEIBERG, principalement dans la mine Max. Cette pi\u00e8ce a \u00e9t\u00e9 polie d'un c\u00f4t\u00e9 pour faire ressortir les belles structures. La photo 3 montre le revers naturel. Poids : 160 g Dimensions : 8,5 x 5 x 3 cm<\/p>","protected":false},"featured_media":955,"template":"","meta":{"_acf_changed":false},"region":[],"product_brand":[],"product_cat":[15],"product_tag":[],"class_list":{"0":"post-954","1":"product","2":"type-product","3":"status-publish","4":"has-post-thumbnail","6":"product_cat-mineralien","8":"first","9":"outofstock","10":"sold-individually","11":"product-type-simple"},"acf":[],"_links":{"self":[{"href":"https:\/\/westgem.shop\/fr\/wp-json\/wp\/v2\/product\/954","targetHints":{"allow":["GET"]}}],"collection":[{"href":"https:\/\/westgem.shop\/fr\/wp-json\/wp\/v2\/product"}],"about":[{"href":"https:\/\/westgem.shop\/fr\/wp-json\/wp\/v2\/types\/product"}],"wp:featuredmedia":[{"embeddable":true,"href":"https:\/\/westgem.shop\/fr\/wp-json\/wp\/v2\/media\/955"}],"wp:attachment":[{"href":"https:\/\/westgem.shop\/fr\/wp-json\/wp\/v2\/media?parent=954"}],"wp:term":[{"taxonomy":"region","embeddable":true,"href":"https:\/\/westgem.shop\/fr\/wp-json\/wp\/v2\/region?post=954"},{"taxonomy":"product_brand","embeddable":true,"href":"https:\/\/westgem.shop\/fr\/wp-json\/wp\/v2\/product_brand?post=954"},{"taxonomy":"product_cat","embeddable":true,"href":"https:\/\/westgem.shop\/fr\/wp-json\/wp\/v2\/product_cat?post=954"},{"taxonomy":"product_tag","embeddable":true,"href":"https:\/\/westgem.shop\/fr\/wp-json\/wp\/v2\/product_tag?post=954"}],"curies":[{"name":"wp","href":"https:\/\/api.w.org\/{rel}","templated":true}]}}