{"id":958,"date":"2000-06-17T00:00:00","date_gmt":"2000-06-17T00:00:00","guid":{"rendered":"https:\/\/miners.rocks\/product\/226\/"},"modified":"2020-05-19T16:56:29","modified_gmt":"2020-05-19T16:56:29","slug":"foret-noire-achat","status":"publish","type":"product","link":"https:\/\/westgem.shop\/fr\/produit\/foret-noire-achat\/","title":{"rendered":"FOR\u00caT NOIRE ACHAT"},"content":{"rendered":"<p>Plaque polie sur les deux faces d'une ACHATE typique de la FOR\u00caT NOIRE. Cette ACHATE de la LIERBACHTAL pr\u00e9sente un aspect color\u00e9 avec un \"\u0153il\" central. Les ACHATES de ce site sont \u00e9galement reconnaissables \u00e0 leur \u00e9corce d'alt\u00e9ration blanch\u00e2tre - verd\u00e2tre - verruqueuse.<\/p>\n<p>Belle pi\u00e8ce justificative d'un poids de 190 g Les dimensions : 10,5 x 8 x 2,5 cm<\/p>","protected":false},"excerpt":{"rendered":"<p>Plaque polie sur les deux faces d'une ACHATE typique de la FOR\u00caT NOIRE. Cette ACHATE de la LIERBACHTAL pr\u00e9sente un aspect color\u00e9 avec un \"\u0153il\" central. Les ACHATES de ce site sont \u00e9galement reconnaissables \u00e0 leur \u00e9corce d'alt\u00e9ration blanch\u00e2tre - verd\u00e2tre - verruqueuse. Belle pi\u00e8ce d'un poids de 190 g. Dimensions : 10,5 x 8 x 2,5 cm.<\/p>","protected":false},"featured_media":959,"template":"","meta":{"_acf_changed":false},"region":[],"product_brand":[],"product_cat":[15],"product_tag":[],"class_list":{"0":"post-958","1":"product","2":"type-product","3":"status-publish","4":"has-post-thumbnail","6":"product_cat-mineralien","8":"first","9":"outofstock","10":"sold-individually","11":"product-type-simple"},"acf":[],"_links":{"self":[{"href":"https:\/\/westgem.shop\/fr\/wp-json\/wp\/v2\/product\/958","targetHints":{"allow":["GET"]}}],"collection":[{"href":"https:\/\/westgem.shop\/fr\/wp-json\/wp\/v2\/product"}],"about":[{"href":"https:\/\/westgem.shop\/fr\/wp-json\/wp\/v2\/types\/product"}],"wp:featuredmedia":[{"embeddable":true,"href":"https:\/\/westgem.shop\/fr\/wp-json\/wp\/v2\/media\/959"}],"wp:attachment":[{"href":"https:\/\/westgem.shop\/fr\/wp-json\/wp\/v2\/media?parent=958"}],"wp:term":[{"taxonomy":"region","embeddable":true,"href":"https:\/\/westgem.shop\/fr\/wp-json\/wp\/v2\/region?post=958"},{"taxonomy":"product_brand","embeddable":true,"href":"https:\/\/westgem.shop\/fr\/wp-json\/wp\/v2\/product_brand?post=958"},{"taxonomy":"product_cat","embeddable":true,"href":"https:\/\/westgem.shop\/fr\/wp-json\/wp\/v2\/product_cat?post=958"},{"taxonomy":"product_tag","embeddable":true,"href":"https:\/\/westgem.shop\/fr\/wp-json\/wp\/v2\/product_tag?post=958"}],"curies":[{"name":"wp","href":"https:\/\/api.w.org\/{rel}","templated":true}]}}