{"id":962,"date":"2000-06-18T00:00:00","date_gmt":"2000-06-18T00:00:00","guid":{"rendered":"https:\/\/miners.rocks\/product\/227\/"},"modified":"2020-05-19T16:56:29","modified_gmt":"2020-05-19T16:56:29","slug":"coeur-rubis-zoisite","status":"publish","type":"product","link":"https:\/\/westgem.shop\/fr\/produit\/coeur-rubis-zoisite\/","title":{"rendered":"C\u0152UR - RUBIS\/ZOISITE"},"content":{"rendered":"<p>Les RUBINES de ce gisement en Tanzanie sont enrob\u00e9es d'une ZOISITE verte - AMPHIBOLITE (ANYOLITH) . Le nom de RUBIN\/ZOISIT s'est \u00e9tabli sur le march\u00e9. Le m\u00e9lange min\u00e9ral se compose de proportions variables de ZOISITE (la TYPLOCALIT\u00c9 de la ZOISITE se trouve d'ailleurs \u00e0 Saualpe en Carinthie), de MACITE DE CHARGE ALUMINIUM, de FELDSPAT, d'AMPHIBOL noir et de RUBIN rugueux. En raison des diff\u00e9rentes duret\u00e9s des composants min\u00e9raux, le polissage du mat\u00e9riau est tr\u00e8s difficile.<\/p>\n<p>La mati\u00e8re premi\u00e8re se trouve dans la mine de Longindo en Tanzanie.<\/p>\n<p>Le poids de ce c\u0153ur est de 132 g Dimensions : 6 x 5,5 x 3 cm<\/p>","protected":false},"excerpt":{"rendered":"<p>Les RUBINES de ce gisement en Tanzanie sont enrob\u00e9es d'une ZOISITE verte - AMPHIBOLITE (ANYOLITH) . Le nom de RUBIN\/ZOISIT s'est \u00e9tabli sur le march\u00e9. Le m\u00e9lange min\u00e9ral se compose de proportions variables de ZOISITE (la TYPLOCALIT\u00c9 de la ZOISITE se trouve d'ailleurs \u00e0 Saualpe en Carinthie), de MACITE DE CHARBON D'ALUMINIUM, de FELDSPAT, d'AMPHIBOL noir et de RUBINE grossi\u00e8re. Par [...]<\/p>","protected":false},"featured_media":963,"template":"","meta":{"_acf_changed":false},"region":[],"product_brand":[],"product_cat":[15],"product_tag":[],"class_list":{"0":"post-962","1":"product","2":"type-product","3":"status-publish","4":"has-post-thumbnail","6":"product_cat-mineralien","8":"first","9":"outofstock","10":"sold-individually","11":"product-type-simple"},"acf":[],"_links":{"self":[{"href":"https:\/\/westgem.shop\/fr\/wp-json\/wp\/v2\/product\/962","targetHints":{"allow":["GET"]}}],"collection":[{"href":"https:\/\/westgem.shop\/fr\/wp-json\/wp\/v2\/product"}],"about":[{"href":"https:\/\/westgem.shop\/fr\/wp-json\/wp\/v2\/types\/product"}],"wp:featuredmedia":[{"embeddable":true,"href":"https:\/\/westgem.shop\/fr\/wp-json\/wp\/v2\/media\/963"}],"wp:attachment":[{"href":"https:\/\/westgem.shop\/fr\/wp-json\/wp\/v2\/media?parent=962"}],"wp:term":[{"taxonomy":"region","embeddable":true,"href":"https:\/\/westgem.shop\/fr\/wp-json\/wp\/v2\/region?post=962"},{"taxonomy":"product_brand","embeddable":true,"href":"https:\/\/westgem.shop\/fr\/wp-json\/wp\/v2\/product_brand?post=962"},{"taxonomy":"product_cat","embeddable":true,"href":"https:\/\/westgem.shop\/fr\/wp-json\/wp\/v2\/product_cat?post=962"},{"taxonomy":"product_tag","embeddable":true,"href":"https:\/\/westgem.shop\/fr\/wp-json\/wp\/v2\/product_tag?post=962"}],"curies":[{"name":"wp","href":"https:\/\/api.w.org\/{rel}","templated":true}]}}