{"id":966,"date":"2000-06-19T00:00:00","date_gmt":"2000-06-19T00:00:00","guid":{"rendered":"https:\/\/miners.rocks\/product\/228\/"},"modified":"2020-05-19T16:56:30","modified_gmt":"2020-05-19T16:56:30","slug":"ammolite-canadienne","status":"publish","type":"product","link":"https:\/\/westgem.shop\/fr\/produit\/ammolite-canadienne\/","title":{"rendered":"AMMOLITE - CANADA"},"content":{"rendered":"<p>Les AMMOLITHES sont des AMMONITES iridescentes - ressemblant \u00e0 des \u00e9delopals - datant du cr\u00e9tac\u00e9. Le nom est prot\u00e9g\u00e9 l\u00e9galement pour les pierres pr\u00e9cieuses (pi\u00e8ces taill\u00e9es et polies) en AMMOLITH de la MINE AURORA en Alberta \/ Canada. Les AMMOLITHES enti\u00e8res d'un diam\u00e8tre d'environ 20 cm et pr\u00e9sentant un beau jeu de couleurs se vendent entre 50.000 et 100.000 dollars, si elles sont disponibles.<\/p>\n<p>Des pierres taill\u00e9es de qualit\u00e9 sup\u00e9rieure et utilis\u00e9es comme pendentifs peuvent \u00eatre admir\u00e9es chez le joaillier de luxe TIFFANY \u00e0 NEW YORK et, si l'on dispose de la monnaie n\u00e9cessaire, \u00e9galement achet\u00e9es.<\/p>\n<p>La seule station actuelle se trouve sur la rivi\u00e8re St. Mary dans la province d'Alberta.<\/p>\n<p>Poids : 60 g Dimensions : 6 x 3,7 x 1,5 cm<\/p>","protected":false},"excerpt":{"rendered":"<p>Les AMMOLITHES sont des AMMONITES iridescentes - ressemblant \u00e0 des \u00e9delopals - datant du cr\u00e9tac\u00e9. Le nom est prot\u00e9g\u00e9 l\u00e9galement pour les pierres pr\u00e9cieuses (pi\u00e8ces taill\u00e9es et polies) en AMMOLITH de la MINE AURORA en Alberta \/ Canada. Les AMMOLITHES enti\u00e8res d'un diam\u00e8tre d'environ 20 cm et pr\u00e9sentant un beau jeu de couleurs se vendent entre 50.000 et 100.000 dollars, si elles sont disponibles.<\/p>","protected":false},"featured_media":967,"template":"","meta":{"_acf_changed":false},"region":[],"product_brand":[],"product_cat":[15],"product_tag":[],"class_list":{"0":"post-966","1":"product","2":"type-product","3":"status-publish","4":"has-post-thumbnail","6":"product_cat-mineralien","8":"first","9":"outofstock","10":"sold-individually","11":"product-type-simple"},"acf":[],"_links":{"self":[{"href":"https:\/\/westgem.shop\/fr\/wp-json\/wp\/v2\/product\/966","targetHints":{"allow":["GET"]}}],"collection":[{"href":"https:\/\/westgem.shop\/fr\/wp-json\/wp\/v2\/product"}],"about":[{"href":"https:\/\/westgem.shop\/fr\/wp-json\/wp\/v2\/types\/product"}],"wp:featuredmedia":[{"embeddable":true,"href":"https:\/\/westgem.shop\/fr\/wp-json\/wp\/v2\/media\/967"}],"wp:attachment":[{"href":"https:\/\/westgem.shop\/fr\/wp-json\/wp\/v2\/media?parent=966"}],"wp:term":[{"taxonomy":"region","embeddable":true,"href":"https:\/\/westgem.shop\/fr\/wp-json\/wp\/v2\/region?post=966"},{"taxonomy":"product_brand","embeddable":true,"href":"https:\/\/westgem.shop\/fr\/wp-json\/wp\/v2\/product_brand?post=966"},{"taxonomy":"product_cat","embeddable":true,"href":"https:\/\/westgem.shop\/fr\/wp-json\/wp\/v2\/product_cat?post=966"},{"taxonomy":"product_tag","embeddable":true,"href":"https:\/\/westgem.shop\/fr\/wp-json\/wp\/v2\/product_tag?post=966"}],"curies":[{"name":"wp","href":"https:\/\/api.w.org\/{rel}","templated":true}]}}