{"id":975,"date":"2000-06-21T00:00:00","date_gmt":"2000-06-21T00:00:00","guid":{"rendered":"https:\/\/miners.rocks\/product\/230\/"},"modified":"2020-05-19T16:56:31","modified_gmt":"2020-05-19T16:56:31","slug":"rhodonite-friesach","status":"publish","type":"product","link":"https:\/\/westgem.shop\/fr\/produit\/rhodonite-friesach\/","title":{"rendered":"RHODONIT - Friesach"},"content":{"rendered":"<p><u>PRIX R\u00c9DUIT !<\/u><\/p>\n<p>Le MANGANSPATE DE RHODONITE a d\u00e9j\u00e0 \u00e9t\u00e9 trouv\u00e9 \u00e0 diff\u00e9rents endroits dans la vall\u00e9e inf\u00e9rieure de la Mettnitz, dans le nord de la Carinthie. Les pierres poss\u00e8dent g\u00e9n\u00e9ralement une cro\u00fbte ext\u00e9rieure noire - les pierres isol\u00e9es et \u00e9parpill\u00e9es (pouvant peser jusqu'\u00e0 une tonne) sont ce que l'on appelle des \"blocs erratiques\", qui sont probablement arriv\u00e9s des Tauern \u00e0 l'\u00e9poque glaciaire avec une coul\u00e9e glaciaire,<\/p>\n<p>Mais ces derni\u00e8res ann\u00e9es, il n'\u00e9tait plus aussi facile de trouver des \"FINDLINGS\", car aucune nouvelle pi\u00e8ce n'est apparue sur le march\u00e9...<\/p>\n<p>Cette pi\u00e8ce est polie d'un c\u00f4t\u00e9.<\/p>\n<p>Poids : 1,10 kilogramme Dimensions : 16 x 10 x 2,5 cm <\/p>","protected":false},"excerpt":{"rendered":"<p>Le MANGANSPATE DE RHODONITE a d\u00e9j\u00e0 \u00e9t\u00e9 trouv\u00e9 \u00e0 diff\u00e9rents endroits dans la vall\u00e9e inf\u00e9rieure de la Mettnitz, dans le nord de la Carinthie. Les pierres poss\u00e8dent g\u00e9n\u00e9ralement une cro\u00fbte ext\u00e9rieure noire - les pierres isol\u00e9es et \u00e9parpill\u00e9es (pouvant peser jusqu'\u00e0 une tonne) sont ce que l'on appelle des \"blocs erratiques\", qui sont probablement arriv\u00e9s des Tauern \u00e0 l'\u00e9poque glaciaire avec une coul\u00e9e glaciaire,<\/p>","protected":false},"featured_media":976,"template":"","meta":{"_acf_changed":false},"region":[],"product_brand":[],"product_cat":[15],"product_tag":[],"class_list":{"0":"post-975","1":"product","2":"type-product","3":"status-publish","4":"has-post-thumbnail","6":"product_cat-mineralien","8":"first","9":"outofstock","10":"sold-individually","11":"product-type-simple"},"acf":[],"_links":{"self":[{"href":"https:\/\/westgem.shop\/fr\/wp-json\/wp\/v2\/product\/975","targetHints":{"allow":["GET"]}}],"collection":[{"href":"https:\/\/westgem.shop\/fr\/wp-json\/wp\/v2\/product"}],"about":[{"href":"https:\/\/westgem.shop\/fr\/wp-json\/wp\/v2\/types\/product"}],"wp:featuredmedia":[{"embeddable":true,"href":"https:\/\/westgem.shop\/fr\/wp-json\/wp\/v2\/media\/976"}],"wp:attachment":[{"href":"https:\/\/westgem.shop\/fr\/wp-json\/wp\/v2\/media?parent=975"}],"wp:term":[{"taxonomy":"region","embeddable":true,"href":"https:\/\/westgem.shop\/fr\/wp-json\/wp\/v2\/region?post=975"},{"taxonomy":"product_brand","embeddable":true,"href":"https:\/\/westgem.shop\/fr\/wp-json\/wp\/v2\/product_brand?post=975"},{"taxonomy":"product_cat","embeddable":true,"href":"https:\/\/westgem.shop\/fr\/wp-json\/wp\/v2\/product_cat?post=975"},{"taxonomy":"product_tag","embeddable":true,"href":"https:\/\/westgem.shop\/fr\/wp-json\/wp\/v2\/product_tag?post=975"}],"curies":[{"name":"wp","href":"https:\/\/api.w.org\/{rel}","templated":true}]}}