{"id":979,"date":"2021-08-22T00:00:00","date_gmt":"2021-08-22T00:00:00","guid":{"rendered":"https:\/\/miners.rocks\/product\/231\/"},"modified":"2024-02-03T07:50:16","modified_gmt":"2024-02-03T07:50:16","slug":"cristal-de-roche-xx-calcite-xx-hocharn","status":"publish","type":"product","link":"https:\/\/westgem.shop\/fr\/produit\/cristal-de-roche-xx-calcite-xx-hocharn\/","title":{"rendered":"CRISTAL DE MONTAGNE xx CALCITE xx - HOCHARN"},"content":{"rendered":"<p>Attractive marche en CRISTAL DE MONTAGNE de l'un des c\u00e9l\u00e8bres sommets de Carinthie de plus de 3.000 m\u00e8tres dans les HAUTES TAURES. C\u00e9l\u00e8bre en premier lieu pour ses spectaculaires d\u00e9couvertes de cristaux. Des quartz fum\u00e9s, du CRISTAL DE MONTAGNE et de la FLUORITE ROSE d'une qualit\u00e9 sensationnelle, malheureusement tous indisponibles.<\/p>\n<p>On peut encore faire une <u>HOCHARN<\/u> Nous pouvons \u00e9galement proposer des produits de la 2e NIVEAUX, mais bien s\u00fbr pas dans les qualit\u00e9s mentionn\u00e9es ci-dessus, car elles seraient de toute fa\u00e7on difficilement abordables.<\/p>\n<p><strong>PARAGEN\u00c8SE DE HAUTE MONTAGNE - . CRISTALLE DE MONTAGNE xx avec CALCITE xx Chlorite xx et PERIKLINE xx <\/strong>sur la roche m\u00e8re.<\/p>\n<p>Lieu de la d\u00e9couverte : Hocharn (3.254m) - Hohe Tauern - Carinthie - Autriche<\/p>\n<p>poids :<strong> 1.70 kilogramme<\/strong><\/p>\n<p>Dimensions : <strong>19 x 11 x 7 cm BK x jusqu'\u00e0 2,5 cm<\/strong><\/p>","protected":false},"excerpt":{"rendered":"<p>Attractive marche en CRISTAL DE MONTAGNE de l'un des c\u00e9l\u00e8bres sommets de Carinthie de plus de 3.000 m\u00e8tres dans les HAUTES TAURES. C\u00e9l\u00e8bre en premier lieu pour ses spectaculaires d\u00e9couvertes de cristaux. Des quartz fum\u00e9s, des CRISTALES DE MONTAGNE et des FLUORITES ROSES de qualit\u00e9 sensationnelle, malheureusement plus disponibles. Nous pouvons encore proposer un \u00c9TAPE HAUTEMENT CHARN\u00c9, bien s\u00fbr pas dans les qualit\u00e9s mentionn\u00e9es ci-dessus, car elles seraient de toute fa\u00e7on difficilement abordables. [...]<\/p>","protected":false},"featured_media":980,"template":"","meta":{"_acf_changed":false},"region":[59],"product_brand":[],"product_cat":[22,19],"product_tag":[],"class_list":{"0":"post-979","1":"product","2":"type-product","3":"status-publish","4":"has-post-thumbnail","6":"region-oesterreich","7":"product_cat-allgemein","8":"product_cat-kristallstufen","10":"first","11":"outofstock","12":"sold-individually","13":"product-type-simple"},"acf":[],"_links":{"self":[{"href":"https:\/\/westgem.shop\/fr\/wp-json\/wp\/v2\/product\/979","targetHints":{"allow":["GET"]}}],"collection":[{"href":"https:\/\/westgem.shop\/fr\/wp-json\/wp\/v2\/product"}],"about":[{"href":"https:\/\/westgem.shop\/fr\/wp-json\/wp\/v2\/types\/product"}],"wp:featuredmedia":[{"embeddable":true,"href":"https:\/\/westgem.shop\/fr\/wp-json\/wp\/v2\/media\/980"}],"wp:attachment":[{"href":"https:\/\/westgem.shop\/fr\/wp-json\/wp\/v2\/media?parent=979"}],"wp:term":[{"taxonomy":"region","embeddable":true,"href":"https:\/\/westgem.shop\/fr\/wp-json\/wp\/v2\/region?post=979"},{"taxonomy":"product_brand","embeddable":true,"href":"https:\/\/westgem.shop\/fr\/wp-json\/wp\/v2\/product_brand?post=979"},{"taxonomy":"product_cat","embeddable":true,"href":"https:\/\/westgem.shop\/fr\/wp-json\/wp\/v2\/product_cat?post=979"},{"taxonomy":"product_tag","embeddable":true,"href":"https:\/\/westgem.shop\/fr\/wp-json\/wp\/v2\/product_tag?post=979"}],"curies":[{"name":"wp","href":"https:\/\/api.w.org\/{rel}","templated":true}]}}