{"id":984,"date":"2000-06-23T00:00:00","date_gmt":"2000-06-23T00:00:00","guid":{"rendered":"https:\/\/miners.rocks\/product\/232\/"},"modified":"2020-05-19T16:56:32","modified_gmt":"2020-05-19T16:56:32","slug":"1-a-baryte-niveau-bleiberg","status":"publish","type":"product","link":"https:\/\/westgem.shop\/fr\/produit\/1-a-baryte-niveau-bleiberg\/","title":{"rendered":"1 A NIVEAU BARYTE - BLEIBERG"},"content":{"rendered":"<p>BARYT - SCHWERSPAT Niveau, richement serti de cristaux tabulaires transparents, sur matrice calcaire.<\/p>\n<p>BARYT a \u00e9t\u00e9 trouv\u00e9 dans les 1 300 galeries du vaste bassin minier de BLEIBERG, principalement dans la mine Rudolf.<\/p>\n<p>Cette marche p\u00e8se 1,90 kilogramme les dimensions sont : 21 x 20 x 9 cm les panneaux BARYT individuels mesurent jusqu'\u00e0 2,5 cm de c\u00f4t\u00e9<\/p>","protected":false},"excerpt":{"rendered":"<p>BARYT - \u00c9tage de SCHWERSPAT, richement garni de cristaux tabulaires transparents, sur matrice calcaire. BARYT a \u00e9t\u00e9 trouv\u00e9 dans les 1.300 galeries du vaste bassin minier de BLEIBERG, principalement dans la mine Rudolf. Cette marche p\u00e8se 1,90 kilogramme les dimensions sont : 21 x 20 x 9 cm les tablettes BARYT individuelles mesurent jusqu'\u00e0 2,5 cm de c\u00f4t\u00e9<\/p>","protected":false},"featured_media":985,"template":"","meta":{"_acf_changed":false},"region":[],"product_brand":[],"product_cat":[15],"product_tag":[],"class_list":{"0":"post-984","1":"product","2":"type-product","3":"status-publish","4":"has-post-thumbnail","6":"product_cat-mineralien","8":"first","9":"outofstock","10":"sold-individually","11":"product-type-simple"},"acf":[],"_links":{"self":[{"href":"https:\/\/westgem.shop\/fr\/wp-json\/wp\/v2\/product\/984","targetHints":{"allow":["GET"]}}],"collection":[{"href":"https:\/\/westgem.shop\/fr\/wp-json\/wp\/v2\/product"}],"about":[{"href":"https:\/\/westgem.shop\/fr\/wp-json\/wp\/v2\/types\/product"}],"wp:featuredmedia":[{"embeddable":true,"href":"https:\/\/westgem.shop\/fr\/wp-json\/wp\/v2\/media\/985"}],"wp:attachment":[{"href":"https:\/\/westgem.shop\/fr\/wp-json\/wp\/v2\/media?parent=984"}],"wp:term":[{"taxonomy":"region","embeddable":true,"href":"https:\/\/westgem.shop\/fr\/wp-json\/wp\/v2\/region?post=984"},{"taxonomy":"product_brand","embeddable":true,"href":"https:\/\/westgem.shop\/fr\/wp-json\/wp\/v2\/product_brand?post=984"},{"taxonomy":"product_cat","embeddable":true,"href":"https:\/\/westgem.shop\/fr\/wp-json\/wp\/v2\/product_cat?post=984"},{"taxonomy":"product_tag","embeddable":true,"href":"https:\/\/westgem.shop\/fr\/wp-json\/wp\/v2\/product_tag?post=984"}],"curies":[{"name":"wp","href":"https:\/\/api.w.org\/{rel}","templated":true}]}}