{"id":990,"date":"2000-06-24T00:00:00","date_gmt":"2000-06-24T00:00:00","guid":{"rendered":"https:\/\/miners.rocks\/product\/233\/"},"modified":"2020-05-19T16:56:33","modified_gmt":"2020-05-19T16:56:33","slug":"pendentifs-en-labradorite-aa","status":"publish","type":"product","link":"https:\/\/westgem.shop\/fr\/produit\/pendentifs-en-labradorite-aa\/","title":{"rendered":"LABRADORIT AA - Pendentif pour cha\u00eene"},"content":{"rendered":"<p>Pendentif en LABRADORITE de premi\u00e8re qualit\u00e9 avec un grand oeillet en argent pur (Made in Austria). Le grand oeillet convient aux cha\u00eenes de colliers en caoutchouc, aux rubans de soie, aux cha\u00eenes en argent .........<\/p>\n<p>La pierre a \u00e9t\u00e9 taill\u00e9e et polie en OBERSTE IDAR et pr\u00e9sente de superbes couleurs d'interf\u00e9rence .<\/p>\n<p>La mati\u00e8re premi\u00e8re est trouv\u00e9e sur l'\u00eele des pierres pr\u00e9cieuses de Madagascar.<\/p>\n<p>Poids : 40 g Dimensions : 4 x 3 cm<\/p>\n<p>Seul le pendentif est livr\u00e9, pas la cha\u00eene en caoutchouc illustr\u00e9e.<\/p>","protected":false},"excerpt":{"rendered":"<p>Pendentif en LABRADORITE de premi\u00e8re qualit\u00e9 avec un grand oeillet en argent pur (Made in Austria). Le grand oeillet convient pour les colliers en caoutchouc, les rubans de soie, les cha\u00eenes en argent ......... La pierre a \u00e9t\u00e9 taill\u00e9e et polie en OBERSTE IDAR et pr\u00e9sente de superbes couleurs d'interf\u00e9rence. La mati\u00e8re premi\u00e8re a \u00e9t\u00e9 trouv\u00e9e sur l'\u00eele de Madagascar. Poids : 40 g Dimensions : 4 x 3 [...].<\/p>","protected":false},"featured_media":991,"template":"","meta":{"_acf_changed":false},"region":[],"product_brand":[],"product_cat":[15],"product_tag":[],"class_list":{"0":"post-990","1":"product","2":"type-product","3":"status-publish","4":"has-post-thumbnail","6":"product_cat-mineralien","8":"first","9":"outofstock","10":"sold-individually","11":"product-type-simple"},"acf":[],"_links":{"self":[{"href":"https:\/\/westgem.shop\/fr\/wp-json\/wp\/v2\/product\/990","targetHints":{"allow":["GET"]}}],"collection":[{"href":"https:\/\/westgem.shop\/fr\/wp-json\/wp\/v2\/product"}],"about":[{"href":"https:\/\/westgem.shop\/fr\/wp-json\/wp\/v2\/types\/product"}],"wp:featuredmedia":[{"embeddable":true,"href":"https:\/\/westgem.shop\/fr\/wp-json\/wp\/v2\/media\/991"}],"wp:attachment":[{"href":"https:\/\/westgem.shop\/fr\/wp-json\/wp\/v2\/media?parent=990"}],"wp:term":[{"taxonomy":"region","embeddable":true,"href":"https:\/\/westgem.shop\/fr\/wp-json\/wp\/v2\/region?post=990"},{"taxonomy":"product_brand","embeddable":true,"href":"https:\/\/westgem.shop\/fr\/wp-json\/wp\/v2\/product_brand?post=990"},{"taxonomy":"product_cat","embeddable":true,"href":"https:\/\/westgem.shop\/fr\/wp-json\/wp\/v2\/product_cat?post=990"},{"taxonomy":"product_tag","embeddable":true,"href":"https:\/\/westgem.shop\/fr\/wp-json\/wp\/v2\/product_tag?post=990"}],"curies":[{"name":"wp","href":"https:\/\/api.w.org\/{rel}","templated":true}]}}