{"id":993,"date":"2000-06-25T00:00:00","date_gmt":"2000-06-25T00:00:00","guid":{"rendered":"https:\/\/miners.rocks\/product\/234\/"},"modified":"2020-05-19T16:56:33","modified_gmt":"2020-05-19T16:56:33","slug":"cristal-de-roche-arkansas-xx","status":"publish","type":"product","link":"https:\/\/westgem.shop\/fr\/produit\/cristal-de-roche-arkansas-xx\/","title":{"rendered":"ARKANSAS CRISTAL DE MONTAGNE xx"},"content":{"rendered":"<p>Quartz monocristallin de la vari\u00e9t\u00e9 CRISTAL DE MONTAGNE.<\/p>\n<p>Belle et int\u00e9ressante marche en CRISTAL DE MONTAGNE - sur le grand cristal un peu plus opaque se trouve un cristal clair et brillant avec des faces terminales parfaites.<\/p>\n<p>Le site de la d\u00e9couverte est la Mine Coleman - Mt. IDA \u00e0 Hot Springs - Arkansas - USA<\/p>\n<p>Poids : 670 g Dimensions : 12 x 12 x 8 cm<\/p>","protected":false},"excerpt":{"rendered":"<p>Quartz monocristallin de la vari\u00e9t\u00e9 CRISTAL DE MONTAGNE. Belle et int\u00e9ressante vari\u00e9t\u00e9 de CRISTAL DE MONTAGNE - un cristal clair et brillant avec des faces terminales parfaites est attach\u00e9 \u00e0 l'arri\u00e8re du grand cristal un peu plus opaque. Trouv\u00e9 \u00e0 la mine Coleman - Mt. IDA \u00e0 Hot Springs - Arkansas - USA Poids : 670 g Dimensions : 12 x 12 x 8 cm<\/p>","protected":false},"featured_media":994,"template":"","meta":{"_acf_changed":false},"region":[],"product_brand":[],"product_cat":[15],"product_tag":[],"class_list":{"0":"post-993","1":"product","2":"type-product","3":"status-publish","4":"has-post-thumbnail","6":"product_cat-mineralien","8":"first","9":"outofstock","10":"sold-individually","11":"product-type-simple"},"acf":[],"_links":{"self":[{"href":"https:\/\/westgem.shop\/fr\/wp-json\/wp\/v2\/product\/993","targetHints":{"allow":["GET"]}}],"collection":[{"href":"https:\/\/westgem.shop\/fr\/wp-json\/wp\/v2\/product"}],"about":[{"href":"https:\/\/westgem.shop\/fr\/wp-json\/wp\/v2\/types\/product"}],"wp:featuredmedia":[{"embeddable":true,"href":"https:\/\/westgem.shop\/fr\/wp-json\/wp\/v2\/media\/994"}],"wp:attachment":[{"href":"https:\/\/westgem.shop\/fr\/wp-json\/wp\/v2\/media?parent=993"}],"wp:term":[{"taxonomy":"region","embeddable":true,"href":"https:\/\/westgem.shop\/fr\/wp-json\/wp\/v2\/region?post=993"},{"taxonomy":"product_brand","embeddable":true,"href":"https:\/\/westgem.shop\/fr\/wp-json\/wp\/v2\/product_brand?post=993"},{"taxonomy":"product_cat","embeddable":true,"href":"https:\/\/westgem.shop\/fr\/wp-json\/wp\/v2\/product_cat?post=993"},{"taxonomy":"product_tag","embeddable":true,"href":"https:\/\/westgem.shop\/fr\/wp-json\/wp\/v2\/product_tag?post=993"}],"curies":[{"name":"wp","href":"https:\/\/api.w.org\/{rel}","templated":true}]}}