{"id":998,"date":"2000-06-26T00:00:00","date_gmt":"2000-06-26T00:00:00","guid":{"rendered":"https:\/\/miners.rocks\/product\/235\/"},"modified":"2020-05-19T16:56:33","modified_gmt":"2020-05-19T16:56:33","slug":"nature-turquoise-arizona","status":"publish","type":"product","link":"https:\/\/westgem.shop\/fr\/produit\/nature-turquoise-arizona\/","title":{"rendered":"NATURE TURQUOISE - ARIZONA"},"content":{"rendered":"<p>Superbe pendentif provenant des c\u00e9l\u00e8bres sites T\u00fcRKIS d'ARIZONA.<\/p>\n<p>TURQUOISE NATURELLE de qualit\u00e9 AA \" ICE BLUE \" de la MINE KINGMAN dans le Globe Country - ARIZONA - USA<\/p>\n<p>La pierre a \u00e9t\u00e9 perc\u00e9e sur le dessus et travaill\u00e9e avec un \u0153illet de broche en argent pur.<\/p>\n<p>Pendentif Poids : 8,5 grammes Dimensions : 3 x 2 cm<\/p>\n<p>La livraison comprend le pendentif T\u00dcRKIS avec le collier en acier inoxydable illustr\u00e9.<\/p>","protected":false},"excerpt":{"rendered":"<p>Superbe pendentif en provenance des c\u00e9l\u00e8bres gisements de TURKIS d'ARIZONA. TURKIS NATUREL de qualit\u00e9 AA \" ICE BLUE \" de la MINE KINGMAN dans le Globe Country - ARIZONA - USA La pierre a \u00e9t\u00e9 perc\u00e9e sur le dessus et travaill\u00e9e avec un \u0153illet \u00e0 broche en argent pur. Pendentif Poids : 8,5 grammes Dimensions : 3 x 2 cm La livraison comprend le pendentif TURKIS AVEC [...].<\/p>","protected":false},"featured_media":999,"template":"","meta":{"_acf_changed":false},"region":[],"product_brand":[],"product_cat":[15],"product_tag":[],"class_list":{"0":"post-998","1":"product","2":"type-product","3":"status-publish","4":"has-post-thumbnail","6":"product_cat-mineralien","8":"first","9":"outofstock","10":"sold-individually","11":"product-type-simple"},"acf":[],"_links":{"self":[{"href":"https:\/\/westgem.shop\/fr\/wp-json\/wp\/v2\/product\/998","targetHints":{"allow":["GET"]}}],"collection":[{"href":"https:\/\/westgem.shop\/fr\/wp-json\/wp\/v2\/product"}],"about":[{"href":"https:\/\/westgem.shop\/fr\/wp-json\/wp\/v2\/types\/product"}],"wp:featuredmedia":[{"embeddable":true,"href":"https:\/\/westgem.shop\/fr\/wp-json\/wp\/v2\/media\/999"}],"wp:attachment":[{"href":"https:\/\/westgem.shop\/fr\/wp-json\/wp\/v2\/media?parent=998"}],"wp:term":[{"taxonomy":"region","embeddable":true,"href":"https:\/\/westgem.shop\/fr\/wp-json\/wp\/v2\/region?post=998"},{"taxonomy":"product_brand","embeddable":true,"href":"https:\/\/westgem.shop\/fr\/wp-json\/wp\/v2\/product_brand?post=998"},{"taxonomy":"product_cat","embeddable":true,"href":"https:\/\/westgem.shop\/fr\/wp-json\/wp\/v2\/product_cat?post=998"},{"taxonomy":"product_tag","embeddable":true,"href":"https:\/\/westgem.shop\/fr\/wp-json\/wp\/v2\/product_tag?post=998"}],"curies":[{"name":"wp","href":"https:\/\/api.w.org\/{rel}","templated":true}]}}