{"id":431,"date":"2000-01-30T00:00:00","date_gmt":"2000-01-30T00:00:00","guid":{"rendered":"https:\/\/miners.rocks\/product\/55\/"},"modified":"2020-05-19T16:55:26","modified_gmt":"2020-05-19T16:55:26","slug":"%e3%82%a2%e3%83%b3%e3%83%81%e3%83%a2%e3%83%b3%e9%89%b1%e7%9f%b3%e4%b8%8a%e3%81%ae%e6%96%b9%e8%a7%a3%e7%9f%b3xx-2","status":"publish","type":"product","link":"https:\/\/westgem.shop\/ja\/product-2\/%e3%82%a2%e3%83%b3%e3%83%81%e3%83%a2%e3%83%b3%e9%89%b1%e7%9f%b3%e4%b8%8a%e3%81%ae%e6%96%b9%e8%a7%a3%e7%9f%b3xx-2\/","title":{"rendered":"\u30ab\u30eb\u30af\u30d1\u30c3\u30c8 xx on \u30a2\u30f3\u30c1\u30e2\u30cb\u30bf\u30ba"},"content":{"rendered":"<p>\u79c1\u305f\u3061\u306f\u3053\u306e\u7279\u5225\u306a\u30ab\u30eb\u30b5\u30a4\u30c8\u3092\u300120kg\u306e\u5927\u578b\u30b9\u30c6\u30c3\u30d7\u3092\u542b\u3081\u306640\u30b9\u30c6\u30c3\u30d7\u7528\u610f\u3057\u3066\u3044\u305f\u3002\u3053\u306e\u7279\u5225\u306a\u30b9\u30c6\u30c3\u30d7\u306f  <u>\u30a2\u30f3\u30c1\u30e2\u30f3\u9271\u696d<\/u> \u4e2d\u56fd\u306e1999\u5e74\u306b\u7d041000\u500b\u306e\u6a19\u672c\u304c\u30a2\u30f3\u30c1\u30e2\u30ca\u30a4\u30c8\u5c64\u306e\u5272\u308c\u76ee\u304b\u3089\u56de\u53ce\u3055\u308c\u3001\u305d\u306e\u307b\u3068\u3093\u3069\u304c\u30a2\u30e1\u30ea\u30ab\u306e\u30b3\u30ec\u30af\u30bf\u30fc\u306e\u624b\u306b\u6e21\u3063\u305f\u3002\u79c1\u305f\u3061\u306f\u3053\u306e\u7d20\u6674\u3089\u3057\u3044\u30ab\u30eb\u30b5\u30a4\u30c8\u306e\u6a19\u672c\u3092\u307e\u3060\u3044\u304f\u3064\u304b\u5728\u5eab\u3057\u3066\u3044\u307e\u3059\u3002<\/p>\n<p>\u30a2\u30f3\u30c6\u30a3\u30e2\u30ca\u30a4\u30c8\u9271\u77f3\u4e0a\u306e\u7425\u73c0\u8272\u306e\u30ab\u30eb\u30b5\u30a4\u30c8XX<\/p>\n<p>\u3053\u306e\u30b9\u30c6\u30c3\u30d7\u306e\u91cd\u91cf: 1 kg \u5bf8\u6cd5: \u30b9\u30c6\u30c3\u30d7: 15 x 10 x 11<\/p>\n<p>10 x 6 cm x 4.5 cm\u306f\u7f8e\u3057\u3044\u30b9\u30ab\u30ec\u30ce\u30d8\u30c9\u30ed\u30f3\u7d50\u6676<\/p>\n<p>\u767a\u898b\u5730\uff1a\u4e2d\u56fd\u30fb\u6b66\u5cea\u5e83\u897f\u30fb\u96c4\u9ec4\u9271\u5c71<\/p>","protected":false},"excerpt":{"rendered":"<p>\u79c1\u305f\u3061\u306f\u3053\u306e\u7279\u5225\u306a\u30ab\u30eb\u30b5\u30a4\u30c8\u3092\u300120kg\u306e\u5927\u7c92\u3092\u542b\u3081\u306640\u6bb5\u7528\u610f\u3057\u307e\u3057\u305f\u3002\u3053\u308c\u3089\u306e\u7279\u5225\u306a\u6a19\u672c\u306f\u4e2d\u56fd\u306e\u30a2\u30f3\u30c1\u30e2\u30f3\u9271\u5c71\u306e\u3082\u306e\u3067\u3042\u308b\u30021999\u5e74\u306b\u30a2\u30f3\u30c1\u30e2\u30ca\u30a4\u30c8\u5c64\u306e\u5272\u308c\u76ee\u304b\u3089\u7d041000\u500b\u306e\u6a19\u672c\u304c\u56de\u53ce\u3055\u308c\u307e\u3057\u305f\u304c\u3001\u30c8\u30c3\u30d7\u6a19\u672c\u306e\u307b\u3068\u3093\u3069\u306f\u30a2\u30e1\u30ea\u30ab\u306e\u30b3\u30ec\u30af\u30bf\u30fc\u306b\u6e21\u3063\u3066\u3057\u307e\u3044\u307e\u3057\u305f\u3002\u79c1\u305f\u3061\u306f\u3053\u306e\u7d20\u6674\u3089\u3057\u3044\u30ab\u30eb\u30b5\u30a4\u30c8\u306e\u6a19\u672c\u3092\u307e\u3060\u3044\u304f\u3064\u304b\u5728\u5eab\u3057\u3066\u3044\u307e\u3059\u3002\u30a2\u30f3\u30c6\u30a3\u30e2\u30ca\u30a4\u30c8\u9271\u77f3\u4e0a\u306e\u7425\u73c0\u8272\u306e\u30ab\u30eb\u30b5\u30a4\u30c8XX \u3053\u306e\u6a19\u672c\u306e\u91cd\u91cf...\uff1a1\u30ad\u30ed \u5bf8\u6cd5...\uff1a\u6a19\u672c\uff1a15\u00d710\u00d711 10\u00d76\u30bb\u30f3\u30c1\u00d74.5\u30bb\u30f3\u30c1\u306f\u7f8e\u3057\u3044\u30b9\u30ab\u30ec\u30ce\u30d8\u30c9\u30ed\u30f3\u7d50\u6676\u3067\u3059 \u5834\u6240\uff1a\u96c4\u9ec4\u9271\u5c71 - \u5449\u865e\u5e83\u897f\u30c1\u30ef\u30f3\u65cf\u81ea\u6cbb\u533a - \u4e2d\u56fd<\/p>","protected":false},"featured_media":432,"template":"","meta":{"_acf_changed":false},"region":[],"product_brand":[],"product_cat":[15],"product_tag":[],"class_list":{"0":"post-431","1":"product","2":"type-product","3":"status-publish","4":"has-post-thumbnail","6":"product_cat-mineralien","8":"first","9":"outofstock","10":"sold-individually","11":"product-type-simple"},"acf":[],"_links":{"self":[{"href":"https:\/\/westgem.shop\/ja\/wp-json\/wp\/v2\/product\/431","targetHints":{"allow":["GET"]}}],"collection":[{"href":"https:\/\/westgem.shop\/ja\/wp-json\/wp\/v2\/product"}],"about":[{"href":"https:\/\/westgem.shop\/ja\/wp-json\/wp\/v2\/types\/product"}],"wp:featuredmedia":[{"embeddable":true,"href":"https:\/\/westgem.shop\/ja\/wp-json\/wp\/v2\/media\/432"}],"wp:attachment":[{"href":"https:\/\/westgem.shop\/ja\/wp-json\/wp\/v2\/media?parent=431"}],"wp:term":[{"taxonomy":"region","embeddable":true,"href":"https:\/\/westgem.shop\/ja\/wp-json\/wp\/v2\/region?post=431"},{"taxonomy":"product_brand","embeddable":true,"href":"https:\/\/westgem.shop\/ja\/wp-json\/wp\/v2\/product_brand?post=431"},{"taxonomy":"product_cat","embeddable":true,"href":"https:\/\/westgem.shop\/ja\/wp-json\/wp\/v2\/product_cat?post=431"},{"taxonomy":"product_tag","embeddable":true,"href":"https:\/\/westgem.shop\/ja\/wp-json\/wp\/v2\/product_tag?post=431"}],"curies":[{"name":"wp","href":"https:\/\/api.w.org\/{rel}","templated":true}]}}