{"id":6641,"date":"2003-04-27T00:00:00","date_gmt":"2003-04-27T00:00:00","guid":{"rendered":"https:\/\/miners.rocks\/product\/orange-river-jaspis-5\/"},"modified":"2021-09-05T15:28:02","modified_gmt":"2021-09-05T15:28:02","slug":"%e3%82%aa%e3%83%ac%e3%83%b3%e3%82%b8%e3%83%bb%e3%83%aa%e3%83%90%e3%83%bc%e3%83%bb%e3%82%b8%e3%83%a3%e3%82%b9%e3%83%91%e3%83%bc-5","status":"publish","type":"product","link":"https:\/\/westgem.shop\/ja\/product-2\/%e3%82%aa%e3%83%ac%e3%83%b3%e3%82%b8%e3%83%bb%e3%83%aa%e3%83%90%e3%83%bc%e3%83%bb%e3%82%b8%e3%83%a3%e3%82%b9%e3%83%91%e3%83%bc-5\/","title":{"rendered":"\u30aa\u30ec\u30f3\u30b8\u30fb\u30ea\u30d0\u30fc\u30fb\u30b8\u30e3\u30b9\u30d1\u30fc"},"content":{"rendered":"<p>\n\t\u8208\u5473\u6df1\u3044\u3001\u5f37\u70c8\u306a\u8272\u306e\u30ed\u30b7\u30e5\u30bf\u30a4\u30f3\u3002<\/p>\n<p>\n\t<strongJASPILIT w\u00e4re eigentlich die richtige Bezeichnung f\u00fcr diese Jaspis Variet\u00e4t<\/p>\n<p>\n\t<strongGeb\u00e4nderter - Lagen Fe-Hornstein mit H\u00e4matit, feink\u00f6rnigen Quarz, Chalcedon - Jaspis und untergeordnet Siderit<\/p>\n<p>\n\t<strongAlter: 2,3 - 2,5 MILLIARDEN Jahre<\/p>\n<p>\n\t\u767a\u898b\u5834\u6240\u30ce\u30fc\u30b6\u30f3\u30fb\u30ad\u30e3\u30c3\u30d7\u30fb\u30ea\u30fc\u30b8\u30e7\u30f3 - \u5357\u30a2\u30d5\u30ea\u30ab<\/p>\n<p>\n\t\u5bf8\u6cd5\uff1a12 x 8 x 6 cm \u91cd\u91cf\uff1a780 g<\/p>\n<p>\n\t\u6fe1\u308c\u305f\u72b6\u614b\u3067\u64ae\u5f71<\/p>","protected":false},"excerpt":{"rendered":"<p>\u8208\u5473\u6df1\u3044\u3001\u5f37\u70c8\u306a\u8272\u306e\u30ed\u30b7\u30e5\u30bf\u30a4\u30f3\u3002<\/p>","protected":false},"featured_media":6642,"template":"","meta":{"_acf_changed":false},"region":[],"product_brand":[],"product_cat":[16],"product_tag":[],"class_list":{"0":"post-6641","1":"product","2":"type-product","3":"status-publish","4":"has-post-thumbnail","6":"product_cat-rohsteine","8":"first","9":"outofstock","10":"sold-individually","11":"product-type-simple"},"acf":[],"_links":{"self":[{"href":"https:\/\/westgem.shop\/ja\/wp-json\/wp\/v2\/product\/6641","targetHints":{"allow":["GET"]}}],"collection":[{"href":"https:\/\/westgem.shop\/ja\/wp-json\/wp\/v2\/product"}],"about":[{"href":"https:\/\/westgem.shop\/ja\/wp-json\/wp\/v2\/types\/product"}],"wp:featuredmedia":[{"embeddable":true,"href":"https:\/\/westgem.shop\/ja\/wp-json\/wp\/v2\/media\/6642"}],"wp:attachment":[{"href":"https:\/\/westgem.shop\/ja\/wp-json\/wp\/v2\/media?parent=6641"}],"wp:term":[{"taxonomy":"region","embeddable":true,"href":"https:\/\/westgem.shop\/ja\/wp-json\/wp\/v2\/region?post=6641"},{"taxonomy":"product_brand","embeddable":true,"href":"https:\/\/westgem.shop\/ja\/wp-json\/wp\/v2\/product_brand?post=6641"},{"taxonomy":"product_cat","embeddable":true,"href":"https:\/\/westgem.shop\/ja\/wp-json\/wp\/v2\/product_cat?post=6641"},{"taxonomy":"product_tag","embeddable":true,"href":"https:\/\/westgem.shop\/ja\/wp-json\/wp\/v2\/product_tag?post=6641"}],"curies":[{"name":"wp","href":"https:\/\/api.w.org\/{rel}","templated":true}]}}